{"id":2456,"date":"2024-06-07T06:34:40","date_gmt":"2024-06-07T06:34:40","guid":{"rendered":"https:\/\/thinktankisooko.org\/etudes\/"},"modified":"2024-11-09T03:05:07","modified_gmt":"2024-11-09T03:05:07","slug":"etudes","status":"publish","type":"page","link":"https:\/\/thinktankisooko.org\/rw\/etudes\/","title":{"rendered":"Ubushakashatsi"},"content":{"rendered":"\t\t<div data-elementor-type=\"wp-page\" data-elementor-id=\"2456\" class=\"elementor elementor-2456 elementor-260\" data-elementor-post-type=\"page\">\n\t\t\t\t<div class=\"elementor-element elementor-element-017ddfa e-flex e-con-boxed e-con e-parent\" data-id=\"017ddfa\" data-element_type=\"container\">\n\t\t\t\t\t<div class=\"e-con-inner\">\n\t\t<div class=\"elementor-element elementor-element-e3a1b34 e-con-full e-flex e-con e-child\" data-id=\"e3a1b34\" data-element_type=\"container\">\n\t\t\t\t<div class=\"elementor-element elementor-element-5882219 elementor-widget elementor-widget-image\" data-id=\"5882219\" data-element_type=\"widget\" data-widget_type=\"image.default\">\n\t\t\t\t<div class=\"elementor-widget-container\">\n\t\t\t\t\t\t\t\t\t\t\t\t\t\t\t<img fetchpriority=\"high\" decoding=\"async\" width=\"504\" height=\"360\" src=\"https:\/\/thinktankisooko.org\/wp-content\/uploads\/2024\/06\/Image-Region-des-Grands-Lacs-dAfrique.png\" class=\"attachment-large size-large wp-image-825\" alt=\"\" srcset=\"https:\/\/thinktankisooko.org\/wp-content\/uploads\/2024\/06\/Image-Region-des-Grands-Lacs-dAfrique.png 504w, https:\/\/thinktankisooko.org\/wp-content\/uploads\/2024\/06\/Image-Region-des-Grands-Lacs-dAfrique-300x214.png 300w\" sizes=\"100vw\" \/>\t\t\t\t\t\t\t\t\t\t\t\t\t\t\t<\/div>\n\t\t\t\t<\/div>\n\t\t\t\t<\/div>\n\t\t<div class=\"elementor-element elementor-element-9647b4e e-con-full e-flex e-con e-child\" data-id=\"9647b4e\" data-element_type=\"container\">\n\t\t\t\t<div class=\"elementor-element elementor-element-06b53e7 elementor-widget elementor-widget-text-editor\" data-id=\"06b53e7\" data-element_type=\"widget\" data-widget_type=\"text-editor.default\">\n\t\t\t\t<div class=\"elementor-widget-container\">\n\t\t\t\t\t\t\t\t\t<p><strong><em>PROCESSUS DE FORMATION DE L\u2019\u00c9TAT<\/em><\/strong>, <strong><em>Frederick<\/em><\/strong> Golooba-Mutebi, Institut de Recherche Sociale de Makerere, Universit\u00e9 de Makerere, F\u00e9vrier 2008.<\/p>\n\t\t\t\t\t\t\t\t<\/div>\n\t\t\t\t<\/div>\n\t\t\t\t<\/div>\n\t\t\t\t\t<\/div>\n\t\t\t\t<\/div>\n\t\t<div class=\"elementor-element elementor-element-c8c39b1 e-flex e-con-boxed e-con e-parent\" data-id=\"c8c39b1\" data-element_type=\"container\">\n\t\t\t\t\t<div class=\"e-con-inner\">\n\t\t\t\t<div class=\"elementor-element elementor-element-c5b0d02 elementor-widget elementor-widget-heading\" data-id=\"c5b0d02\" data-element_type=\"widget\" data-widget_type=\"heading.default\">\n\t\t\t\t<div class=\"elementor-widget-container\">\n\t\t\t\t\t<h2 class=\"elementor-heading-title elementor-size-default\"><a href=\"https:\/\/thinktankisooko.org\/wp-content\/uploads\/2024\/06\/WP28.2French.doc-wp28.2-effondrement-guerre-et-reconstruction-au-rwanda.pdf\" target=\"_blank\">Gusoma iyi inyandiko mu gifaransa<\/a><\/h2>\t\t\t\t<\/div>\n\t\t\t\t<\/div>\n\t\t\t\t\t<\/div>\n\t\t\t\t<\/div>\n\t\t<div class=\"elementor-element elementor-element-7d97965 e-flex e-con-boxed e-con e-parent\" data-id=\"7d97965\" data-element_type=\"container\">\n\t\t\t\t\t<div class=\"e-con-inner\">\n\t\t<div class=\"elementor-element elementor-element-4bf7ab1 e-con-full e-flex e-con e-child\" data-id=\"4bf7ab1\" data-element_type=\"container\">\n\t\t\t\t<div class=\"elementor-element elementor-element-8115a9d elementor-widget elementor-widget-text-editor\" data-id=\"8115a9d\" data-element_type=\"widget\" data-widget_type=\"text-editor.default\">\n\t\t\t\t<div class=\"elementor-widget-container\">\n\t\t\t\t\t\t\t\t\t<p><strong>FEUILLE DE ROUTE POUR UN AVENIR PROMETTEUR AU RWANDA<\/strong><\/p>\n<p><em>Une proposition de r\u00e9forme de la gouvernance actuelle r\u00e9pondant \u00e0 la r\u00e9alit\u00e9 du<\/em> <em>Rwanda d\u2019aujourd\u2019hui. Ecrit conjointement par Madame Victoire Ingabire Umuhoza &amp; Ma\u00eetre Ntaganda Bernard. Juin 2021  <\/em><\/p>\n\t\t\t\t\t\t\t\t<\/div>\n\t\t\t\t<\/div>\n\t\t\t\t<\/div>\n\t\t<div class=\"elementor-element elementor-element-383e201 e-con-full e-flex e-con e-child\" data-id=\"383e201\" data-element_type=\"container\">\n\t\t\t\t<div class=\"elementor-element elementor-element-775ce11 elementor-widget elementor-widget-image\" data-id=\"775ce11\" data-element_type=\"widget\" data-widget_type=\"image.default\">\n\t\t\t\t<div class=\"elementor-widget-container\">\n\t\t\t\t\t\t\t\t\t\t\t\t\t\t\t<img decoding=\"async\" width=\"500\" height=\"500\" src=\"https:\/\/thinktankisooko.org\/wp-content\/uploads\/2024\/06\/kigali-arena.png\" class=\"attachment-large size-large wp-image-387\" alt=\"\" srcset=\"https:\/\/thinktankisooko.org\/wp-content\/uploads\/2024\/06\/kigali-arena.png 500w, https:\/\/thinktankisooko.org\/wp-content\/uploads\/2024\/06\/kigali-arena-300x300.png 300w, https:\/\/thinktankisooko.org\/wp-content\/uploads\/2024\/06\/kigali-arena-150x150.png 150w\" sizes=\"100vw\" \/>\t\t\t\t\t\t\t\t\t\t\t\t\t\t\t<\/div>\n\t\t\t\t<\/div>\n\t\t\t\t<\/div>\n\t\t\t\t\t<\/div>\n\t\t\t\t<\/div>\n\t\t<div class=\"elementor-element elementor-element-1484fb3 e-flex e-con-boxed e-con e-parent\" data-id=\"1484fb3\" data-element_type=\"container\">\n\t\t\t\t\t<div class=\"e-con-inner\">\n\t\t\t\t<div class=\"elementor-element elementor-element-a19603a elementor-widget elementor-widget-heading\" data-id=\"a19603a\" data-element_type=\"widget\" data-widget_type=\"heading.default\">\n\t\t\t\t<div class=\"elementor-widget-container\">\n\t\t\t\t\t<h2 class=\"elementor-heading-title elementor-size-default\"><a href=\"https:\/\/thinktankisooko.org\/wp-content\/uploads\/2024\/06\/Victoire-Ingabire-Feuille-de-route-pour-un-avenir-prometteur-au-Rwanda-2.pdf\" target=\"_blank\">Gusoma iyi inyandiko mu gifaransa<\/a><\/h2>\t\t\t\t<\/div>\n\t\t\t\t<\/div>\n\t\t\t\t\t<\/div>\n\t\t\t\t<\/div>\n\t\t<div class=\"elementor-element elementor-element-781dc93 e-flex e-con-boxed e-con e-parent\" data-id=\"781dc93\" data-element_type=\"container\">\n\t\t\t\t\t<div class=\"e-con-inner\">\n\t\t\t\t\t<\/div>\n\t\t\t\t<\/div>\n\t\t<div class=\"elementor-element elementor-element-d07d481 e-flex e-con-boxed e-con e-parent\" data-id=\"d07d481\" data-element_type=\"container\">\n\t\t\t\t\t<div class=\"e-con-inner\">\n\t\t\t\t<div class=\"elementor-element elementor-element-4afad74 elementor-widget elementor-widget-text-editor\" data-id=\"4afad74\" data-element_type=\"widget\" data-widget_type=\"text-editor.default\">\n\t\t\t\t<div class=\"elementor-widget-container\">\n\t\t\t\t\t\t\t\t\t<p><strong>La politique d&#8217;unit\u00e9 et de r\u00e9conciliation nationale au Rwanda : figures impos\u00e9es et r\u00e9sistance au quotidien<\/strong><\/p>\n<p>Susan Thomson. Dans Gen\u00e8ses 2010\/4 (n\u00b0 81), pages 45 \u00e0 63. \u00c9ditions Belin. ISSN 1155-3219. ISBN 9782701156682. DOI 10.3917\/gen.081.0045     <\/p>\n\t\t\t\t\t\t\t\t<\/div>\n\t\t\t\t<\/div>\n\t\t\t\t\t<\/div>\n\t\t\t\t<\/div>\n\t\t<div class=\"elementor-element elementor-element-640d89c e-flex e-con-boxed e-con e-parent\" data-id=\"640d89c\" data-element_type=\"container\">\n\t\t\t\t\t<div class=\"e-con-inner\">\n\t\t\t\t<div class=\"elementor-element elementor-element-29c1822 elementor-widget elementor-widget-heading\" data-id=\"29c1822\" data-element_type=\"widget\" data-widget_type=\"heading.default\">\n\t\t\t\t<div class=\"elementor-widget-container\">\n\t\t\t\t\t<h2 class=\"elementor-heading-title elementor-size-default\"><a href=\"https:\/\/thinktankisooko.org\/wp-content\/uploads\/2024\/06\/La-politique-dunite-et-de-reconciliation-nationale-au-Rwanda-2010.pdf\" target=\"_blank\">Gusoma iyi inyandiko mu gifaransa<\/a><\/h2>\t\t\t\t<\/div>\n\t\t\t\t<\/div>\n\t\t\t\t\t<\/div>\n\t\t\t\t<\/div>\n\t\t<div class=\"elementor-element elementor-element-a79029d e-flex e-con-boxed e-con e-parent\" data-id=\"a79029d\" data-element_type=\"container\">\n\t\t\t\t\t<div class=\"e-con-inner\">\n\t\t<div class=\"elementor-element elementor-element-4f260d5 e-con-full e-flex e-con e-child\" data-id=\"4f260d5\" data-element_type=\"container\">\n\t\t\t\t<div class=\"elementor-element elementor-element-45d3901 elementor-widget elementor-widget-image\" data-id=\"45d3901\" data-element_type=\"widget\" data-widget_type=\"image.default\">\n\t\t\t\t<div class=\"elementor-widget-container\">\n\t\t\t\t\t\t\t\t\t\t\t\t\t\t\t<img decoding=\"async\" width=\"380\" height=\"253\" src=\"https:\/\/thinktankisooko.org\/wp-content\/uploads\/2024\/06\/Travail-dequipe-image-3.jpg\" class=\"attachment-large size-large wp-image-2333\" alt=\"\" srcset=\"https:\/\/thinktankisooko.org\/wp-content\/uploads\/2024\/06\/Travail-dequipe-image-3.jpg 380w, https:\/\/thinktankisooko.org\/wp-content\/uploads\/2024\/06\/Travail-dequipe-image-3-300x200.jpg 300w\" sizes=\"100vw\" \/>\t\t\t\t\t\t\t\t\t\t\t\t\t\t\t<\/div>\n\t\t\t\t<\/div>\n\t\t\t\t<\/div>\n\t\t<div class=\"elementor-element elementor-element-2ba2e78 e-con-full e-flex e-con e-child\" data-id=\"2ba2e78\" data-element_type=\"container\">\n\t\t\t\t<div class=\"elementor-element elementor-element-03963f5 elementor-widget elementor-widget-text-editor\" data-id=\"03963f5\" data-element_type=\"widget\" data-widget_type=\"text-editor.default\">\n\t\t\t\t<div class=\"elementor-widget-container\">\n\t\t\t\t\t\t\t\t\t<p>Diplomarbeit, Titel der Diplomarbeit, \u00ab<strong><em> Processus de r\u00e9solution d\u2019un conflit ethnico-politique. Le cas du Burundi <\/em><\/strong> Francine Simbare, Angestrebter akademischer Grad. Magistra der Philosophie (Mag.phil) , Wien, im Oktober 2008.  <\/p>\n\t\t\t\t\t\t\t\t<\/div>\n\t\t\t\t<\/div>\n\t\t\t\t<\/div>\n\t\t\t\t\t<\/div>\n\t\t\t\t<\/div>\n\t\t<div class=\"elementor-element elementor-element-8823d7b e-flex e-con-boxed e-con e-parent\" data-id=\"8823d7b\" data-element_type=\"container\">\n\t\t\t\t\t<div class=\"e-con-inner\">\n\t\t\t\t<div class=\"elementor-element elementor-element-1de7e28 elementor-widget elementor-widget-heading\" data-id=\"1de7e28\" data-element_type=\"widget\" data-widget_type=\"heading.default\">\n\t\t\t\t<div class=\"elementor-widget-container\">\n\t\t\t\t\t<h2 class=\"elementor-heading-title elementor-size-default\"><a href=\"https:\/\/thinktankisooko.org\/wp-content\/uploads\/2024\/06\/Processus-de-resolution-dun-conflit-ethnico-politique-Le-cas-du-Burundi-Francine-Simbare-2008.pdf\" target=\"_blank\">Gusoma iyi inyandiko mu gifaransa<\/a><\/h2>\t\t\t\t<\/div>\n\t\t\t\t<\/div>\n\t\t\t\t\t<\/div>\n\t\t\t\t<\/div>\n\t\t\t\t<\/div>\n\t\t","protected":false},"excerpt":{"rendered":"<p>PROCESSUS DE FORMATION DE L\u2019\u00c9TAT, Frederick Golooba-Mutebi, Institut de Recherche Sociale de Makerere, Universit\u00e9 de Makerere, F\u00e9vrier 2008. Gusoma iyi inyandiko mu gifaransa FEUILLE DE ROUTE POUR UN AVENIR PROMETTEUR AU RWANDA Une proposition de r\u00e9forme de la gouvernance actuelle r\u00e9pondant \u00e0 la r\u00e9alit\u00e9 du Rwanda d\u2019aujourd\u2019hui. Ecrit conjointement par Madame Victoire Ingabire Umuhoza &amp; &hellip; <\/p>\n<p class=\"link-more\"><a href=\"https:\/\/thinktankisooko.org\/rw\/etudes\/\" class=\"more-link\">Read more<span class=\"screen-reader-text\"> &#8220;Ubushakashatsi&#8221;<\/span><\/a><\/p>\n","protected":false},"author":1,"featured_media":823,"parent":0,"menu_order":0,"comment_status":"closed","ping_status":"closed","template":"","meta":{"_crdt_document":"","jetpack_post_was_ever_published":false,"footnotes":""},"class_list":["post-2456","page","type-page","status-publish","has-post-thumbnail","hentry"],"jetpack-related-posts":[],"jetpack_sharing_enabled":true,"featured_media_urls":{"thumbnail":["https:\/\/thinktankisooko.org\/wp-content\/uploads\/2024\/06\/Documentation-image-2-150x150.jpg",150,150,true],"medium":["https:\/\/thinktankisooko.org\/wp-content\/uploads\/2024\/06\/Documentation-image-2-300x203.jpg",300,203,true],"medium_large":["https:\/\/thinktankisooko.org\/wp-content\/uploads\/2024\/06\/Documentation-image-2.jpg",605,409,false],"large":["https:\/\/thinktankisooko.org\/wp-content\/uploads\/2024\/06\/Documentation-image-2.jpg",605,409,false],"1536x1536":["https:\/\/thinktankisooko.org\/wp-content\/uploads\/2024\/06\/Documentation-image-2.jpg",605,409,false],"2048x2048":["https:\/\/thinktankisooko.org\/wp-content\/uploads\/2024\/06\/Documentation-image-2.jpg",605,409,false],"inspiro-featured-image":["https:\/\/thinktankisooko.org\/wp-content\/uploads\/2024\/06\/Documentation-image-2.jpg",605,409,false],"inspiro-loop":["https:\/\/thinktankisooko.org\/wp-content\/uploads\/2024\/06\/Documentation-image-2-605x320.jpg",605,320,true],"inspiro-loop@2x":["https:\/\/thinktankisooko.org\/wp-content\/uploads\/2024\/06\/Documentation-image-2.jpg",605,409,false],"woocommerce_thumbnail":["https:\/\/thinktankisooko.org\/wp-content\/uploads\/2024\/06\/Documentation-image-2-300x300.jpg",300,300,true],"woocommerce_single":["https:\/\/thinktankisooko.org\/wp-content\/uploads\/2024\/06\/Documentation-image-2-600x406.jpg",600,406,true],"woocommerce_gallery_thumbnail":["https:\/\/thinktankisooko.org\/wp-content\/uploads\/2024\/06\/Documentation-image-2-100x100.jpg",100,100,true],"portfolio_item-thumbnail":["https:\/\/thinktankisooko.org\/wp-content\/uploads\/2024\/06\/Documentation-image-2-600x400.jpg",600,400,true],"portfolio_item-thumbnail@2x":["https:\/\/thinktankisooko.org\/wp-content\/uploads\/2024\/06\/Documentation-image-2.jpg",605,409,false],"portfolio_item-masonry":["https:\/\/thinktankisooko.org\/wp-content\/uploads\/2024\/06\/Documentation-image-2-600x406.jpg",600,406,true],"portfolio_item-masonry@2x":["https:\/\/thinktankisooko.org\/wp-content\/uploads\/2024\/06\/Documentation-image-2.jpg",605,409,false],"portfolio_item-thumbnail_cinema":["https:\/\/thinktankisooko.org\/wp-content\/uploads\/2024\/06\/Documentation-image-2-605x335.jpg",605,335,true],"portfolio_item-thumbnail_portrait":["https:\/\/thinktankisooko.org\/wp-content\/uploads\/2024\/06\/Documentation-image-2-600x409.jpg",600,409,true],"portfolio_item-thumbnail_portrait@2x":["https:\/\/thinktankisooko.org\/wp-content\/uploads\/2024\/06\/Documentation-image-2.jpg",605,409,false],"portfolio_item-thumbnail_square":["https:\/\/thinktankisooko.org\/wp-content\/uploads\/2024\/06\/Documentation-image-2.jpg",605,409,false]},"_links":{"self":[{"href":"https:\/\/thinktankisooko.org\/rw\/wp-json\/wp\/v2\/pages\/2456","targetHints":{"allow":["GET"]}}],"collection":[{"href":"https:\/\/thinktankisooko.org\/rw\/wp-json\/wp\/v2\/pages"}],"about":[{"href":"https:\/\/thinktankisooko.org\/rw\/wp-json\/wp\/v2\/types\/page"}],"author":[{"embeddable":true,"href":"https:\/\/thinktankisooko.org\/rw\/wp-json\/wp\/v2\/users\/1"}],"replies":[{"embeddable":true,"href":"https:\/\/thinktankisooko.org\/rw\/wp-json\/wp\/v2\/comments?post=2456"}],"version-history":[{"count":30,"href":"https:\/\/thinktankisooko.org\/rw\/wp-json\/wp\/v2\/pages\/2456\/revisions"}],"predecessor-version":[{"id":5641,"href":"https:\/\/thinktankisooko.org\/rw\/wp-json\/wp\/v2\/pages\/2456\/revisions\/5641"}],"wp:featuredmedia":[{"embeddable":true,"href":"https:\/\/thinktankisooko.org\/rw\/wp-json\/wp\/v2\/media\/823"}],"wp:attachment":[{"href":"https:\/\/thinktankisooko.org\/rw\/wp-json\/wp\/v2\/media?parent=2456"}],"curies":[{"name":"wp","href":"https:\/\/api.w.org\/{rel}","templated":true}]}}