{"id":787,"date":"2024-06-11T10:13:54","date_gmt":"2024-06-11T10:13:54","guid":{"rendered":"https:\/\/thinktankisooko.org\/statuts-2-copy\/"},"modified":"2024-11-07T11:38:04","modified_gmt":"2024-11-07T11:38:04","slug":"statuts-2-copy","status":"publish","type":"page","link":"https:\/\/thinktankisooko.org\/fr\/statuts-2-copy\/","title":{"rendered":"Organes"},"content":{"rendered":"\t\t<div data-elementor-type=\"wp-page\" data-elementor-id=\"787\" class=\"elementor elementor-787\" data-elementor-post-type=\"page\">\n\t\t\t\t<div class=\"elementor-element elementor-element-c4e4562 e-flex e-con-boxed e-con e-parent\" data-id=\"c4e4562\" data-element_type=\"container\">\n\t\t\t\t\t<div class=\"e-con-inner\">\n\t\t\t\t<div class=\"elementor-element elementor-element-3dc25bb elementor-widget elementor-widget-text-editor\" data-id=\"3dc25bb\" data-element_type=\"widget\" data-widget_type=\"text-editor.default\">\n\t\t\t\t<div class=\"elementor-widget-container\">\n\t\t\t\t\t\t\t\t\t<p><strong>Pour r\u00e9aliser sa mission et atteindre ses objectifs,\u00a0<\/strong><strong>\u00a0<\/strong><strong>Think<\/strong><strong> Tank Isooko a cr\u00e9\u00e9 des organes appropri\u00e9s.<\/strong><\/p>\t\t\t\t\t\t\t\t<\/div>\n\t\t\t\t<\/div>\n\t\t\t\t\t<\/div>\n\t\t\t\t<\/div>\n\t\t<div class=\"elementor-element elementor-element-48add1e e-flex e-con-boxed e-con e-parent\" data-id=\"48add1e\" data-element_type=\"container\">\n\t\t\t\t\t<div class=\"e-con-inner\">\n\t\t\t\t<div class=\"elementor-element elementor-element-f3043ee elementor-widget elementor-widget-heading\" data-id=\"f3043ee\" data-element_type=\"widget\" data-widget_type=\"heading.default\">\n\t\t\t\t<div class=\"elementor-widget-container\">\n\t\t\t\t\t<h2 class=\"elementor-heading-title elementor-size-default\"><a href=\"https:\/\/thinktankisooko.org\/wp-content\/uploads\/2024\/09\/FR-Organes-TTI-.pdf\" target=\"_blank\">T\u00e9l\u00e9charger la pr\u00e9sentation des organes TTI<\/a><\/h2>\t\t\t\t<\/div>\n\t\t\t\t<\/div>\n\t\t\t\t\t<\/div>\n\t\t\t\t<\/div>\n\t\t\t\t<\/div>\n\t\t","protected":false},"excerpt":{"rendered":"<p>Pour r\u00e9aliser sa mission et atteindre ses objectifs,\u00a0\u00a0Think Tank Isooko a cr\u00e9\u00e9 des organes appropri\u00e9s. T\u00e9l\u00e9charger la pr\u00e9sentation des organes TTI<\/p>\n","protected":false},"author":1,"featured_media":178,"parent":0,"menu_order":0,"comment_status":"closed","ping_status":"closed","template":"","meta":{"_crdt_document":"","jetpack_post_was_ever_published":false,"footnotes":""},"class_list":["post-787","page","type-page","status-publish","has-post-thumbnail","hentry"],"jetpack-related-posts":[],"jetpack_sharing_enabled":true,"featured_media_urls":{"thumbnail":["https:\/\/thinktankisooko.org\/wp-content\/uploads\/2024\/06\/Travail-dequipe-image-3-150x150.jpg",150,150,true],"medium":["https:\/\/thinktankisooko.org\/wp-content\/uploads\/2024\/06\/Travail-dequipe-image-3-300x200.jpg",300,200,true],"medium_large":["https:\/\/thinktankisooko.org\/wp-content\/uploads\/2024\/06\/Travail-dequipe-image-3.jpg",380,253,false],"large":["https:\/\/thinktankisooko.org\/wp-content\/uploads\/2024\/06\/Travail-dequipe-image-3.jpg",380,253,false],"1536x1536":["https:\/\/thinktankisooko.org\/wp-content\/uploads\/2024\/06\/Travail-dequipe-image-3.jpg",380,253,false],"2048x2048":["https:\/\/thinktankisooko.org\/wp-content\/uploads\/2024\/06\/Travail-dequipe-image-3.jpg",380,253,false],"inspiro-featured-image":["https:\/\/thinktankisooko.org\/wp-content\/uploads\/2024\/06\/Travail-dequipe-image-3.jpg",380,253,false],"inspiro-loop":["https:\/\/thinktankisooko.org\/wp-content\/uploads\/2024\/06\/Travail-dequipe-image-3.jpg",380,253,false],"inspiro-loop@2x":["https:\/\/thinktankisooko.org\/wp-content\/uploads\/2024\/06\/Travail-dequipe-image-3.jpg",380,253,false],"woocommerce_thumbnail":["https:\/\/thinktankisooko.org\/wp-content\/uploads\/2024\/06\/Travail-dequipe-image-3-300x253.jpg",300,253,true],"woocommerce_single":["https:\/\/thinktankisooko.org\/wp-content\/uploads\/2024\/06\/Travail-dequipe-image-3.jpg",380,253,false],"woocommerce_gallery_thumbnail":["https:\/\/thinktankisooko.org\/wp-content\/uploads\/2024\/06\/Travail-dequipe-image-3-100x100.jpg",100,100,true],"portfolio_item-thumbnail":["https:\/\/thinktankisooko.org\/wp-content\/uploads\/2024\/06\/Travail-dequipe-image-3.jpg",380,253,false],"portfolio_item-thumbnail@2x":["https:\/\/thinktankisooko.org\/wp-content\/uploads\/2024\/06\/Travail-dequipe-image-3.jpg",380,253,false],"portfolio_item-masonry":["https:\/\/thinktankisooko.org\/wp-content\/uploads\/2024\/06\/Travail-dequipe-image-3.jpg",380,253,false],"portfolio_item-masonry@2x":["https:\/\/thinktankisooko.org\/wp-content\/uploads\/2024\/06\/Travail-dequipe-image-3.jpg",380,253,false],"portfolio_item-thumbnail_cinema":["https:\/\/thinktankisooko.org\/wp-content\/uploads\/2024\/06\/Travail-dequipe-image-3.jpg",380,253,false],"portfolio_item-thumbnail_portrait":["https:\/\/thinktankisooko.org\/wp-content\/uploads\/2024\/06\/Travail-dequipe-image-3.jpg",380,253,false],"portfolio_item-thumbnail_portrait@2x":["https:\/\/thinktankisooko.org\/wp-content\/uploads\/2024\/06\/Travail-dequipe-image-3.jpg",380,253,false],"portfolio_item-thumbnail_square":["https:\/\/thinktankisooko.org\/wp-content\/uploads\/2024\/06\/Travail-dequipe-image-3.jpg",380,253,false]},"_links":{"self":[{"href":"https:\/\/thinktankisooko.org\/fr\/wp-json\/wp\/v2\/pages\/787","targetHints":{"allow":["GET"]}}],"collection":[{"href":"https:\/\/thinktankisooko.org\/fr\/wp-json\/wp\/v2\/pages"}],"about":[{"href":"https:\/\/thinktankisooko.org\/fr\/wp-json\/wp\/v2\/types\/page"}],"author":[{"embeddable":true,"href":"https:\/\/thinktankisooko.org\/fr\/wp-json\/wp\/v2\/users\/1"}],"replies":[{"embeddable":true,"href":"https:\/\/thinktankisooko.org\/fr\/wp-json\/wp\/v2\/comments?post=787"}],"version-history":[{"count":49,"href":"https:\/\/thinktankisooko.org\/fr\/wp-json\/wp\/v2\/pages\/787\/revisions"}],"predecessor-version":[{"id":5479,"href":"https:\/\/thinktankisooko.org\/fr\/wp-json\/wp\/v2\/pages\/787\/revisions\/5479"}],"wp:featuredmedia":[{"embeddable":true,"href":"https:\/\/thinktankisooko.org\/fr\/wp-json\/wp\/v2\/media\/178"}],"wp:attachment":[{"href":"https:\/\/thinktankisooko.org\/fr\/wp-json\/wp\/v2\/media?parent=787"}],"curies":[{"name":"wp","href":"https:\/\/api.w.org\/{rel}","templated":true}]}}