{"id":741,"date":"2024-06-11T08:36:43","date_gmt":"2024-06-11T08:36:43","guid":{"rendered":"https:\/\/thinktankisooko.org\/etudes-copy-2\/"},"modified":"2024-10-03T09:19:53","modified_gmt":"2024-10-03T09:19:53","slug":"etudes-copy-2","status":"publish","type":"page","link":"https:\/\/thinktankisooko.org\/fr\/etudes-copy-2\/","title":{"rendered":"Projets"},"content":{"rendered":"\t\t<div data-elementor-type=\"wp-page\" data-elementor-id=\"741\" class=\"elementor elementor-741\" data-elementor-post-type=\"page\">\n\t\t\t\t<div class=\"elementor-element elementor-element-b771ec6 e-flex e-con-boxed e-con e-parent\" data-id=\"b771ec6\" data-element_type=\"container\">\n\t\t\t\t\t<div class=\"e-con-inner\">\n\t\t<div class=\"elementor-element elementor-element-02a1d72 e-con-full e-flex e-con e-child\" data-id=\"02a1d72\" data-element_type=\"container\">\n\t\t\t\t<div class=\"elementor-element elementor-element-7d67d72 elementor-widget elementor-widget-text-editor\" data-id=\"7d67d72\" data-element_type=\"widget\" data-widget_type=\"text-editor.default\">\n\t\t\t\t<div class=\"elementor-widget-container\">\n\t\t\t\t\t\t\t\t\t<h2 style=\"text-align: center;\">PROJETS EN COURS<\/h2>\n<p>Think Tank Isooko travaille sur un projet de pr\u00e9paration d\u2019une conf\u00e9rence internationale sur le Rwanda, qui doit r\u00e9unir toutes les forces politiques de changement et la soci\u00e9t\u00e9 civile, pour analyser l\u2019\u00e9tat actuel de la situation socio-politique et envisager un avenir meilleur.<\/p>\t\t\t\t\t\t\t\t<\/div>\n\t\t\t\t<\/div>\n\t\t\t\t<\/div>\n\t\t<div class=\"elementor-element elementor-element-97b5e04 e-con-full e-flex e-con e-child\" data-id=\"97b5e04\" data-element_type=\"container\">\n\t\t\t\t<div class=\"elementor-element elementor-element-b1434f2 elementor-widget elementor-widget-image\" data-id=\"b1434f2\" data-element_type=\"widget\" data-widget_type=\"image.default\">\n\t\t\t\t<div class=\"elementor-widget-container\">\n\t\t\t\t\t\t\t\t\t\t\t\t\t\t\t<img fetchpriority=\"high\" decoding=\"async\" width=\"504\" height=\"360\" src=\"https:\/\/thinktankisooko.org\/wp-content\/uploads\/2024\/06\/Image-Region-des-Grands-Lacs-dAfrique.png\" class=\"attachment-medium_large size-medium_large wp-image-162\" alt=\"\" srcset=\"https:\/\/thinktankisooko.org\/wp-content\/uploads\/2024\/06\/Image-Region-des-Grands-Lacs-dAfrique.png 504w, https:\/\/thinktankisooko.org\/wp-content\/uploads\/2024\/06\/Image-Region-des-Grands-Lacs-dAfrique-300x214.png 300w\" sizes=\"100vw\" \/>\t\t\t\t\t\t\t\t\t\t\t\t\t\t\t<\/div>\n\t\t\t\t<\/div>\n\t\t\t\t<\/div>\n\t\t\t\t\t<\/div>\n\t\t\t\t<\/div>\n\t\t<div class=\"elementor-element elementor-element-fc70956 e-flex e-con-boxed e-con e-parent\" data-id=\"fc70956\" data-element_type=\"container\">\n\t\t\t\t\t<div class=\"e-con-inner\">\n\t\t<div class=\"elementor-element elementor-element-66c00fb e-con-full e-flex e-con e-child\" data-id=\"66c00fb\" data-element_type=\"container\">\n\t\t\t\t<div class=\"elementor-element elementor-element-2ebd822 elementor-widget elementor-widget-image\" data-id=\"2ebd822\" data-element_type=\"widget\" data-widget_type=\"image.default\">\n\t\t\t\t<div class=\"elementor-widget-container\">\n\t\t\t\t\t\t\t\t\t\t\t\t\t\t\t<img decoding=\"async\" width=\"768\" height=\"512\" src=\"https:\/\/thinktankisooko.org\/wp-content\/uploads\/2024\/06\/Travail-dequipe-image-1.jpeg\" class=\"attachment-medium_large size-medium_large wp-image-174\" alt=\"\" srcset=\"https:\/\/thinktankisooko.org\/wp-content\/uploads\/2024\/06\/Travail-dequipe-image-1.jpeg 2560w, https:\/\/thinktankisooko.org\/wp-content\/uploads\/2024\/06\/Travail-dequipe-image-1-300x200.jpeg 300w, https:\/\/thinktankisooko.org\/wp-content\/uploads\/2024\/06\/Travail-dequipe-image-1-1024x683.jpeg 1024w, https:\/\/thinktankisooko.org\/wp-content\/uploads\/2024\/06\/Travail-dequipe-image-1-2000x1334.jpeg 2000w, https:\/\/thinktankisooko.org\/wp-content\/uploads\/2024\/06\/Travail-dequipe-image-1-1536x1024.jpeg 1536w, https:\/\/thinktankisooko.org\/wp-content\/uploads\/2024\/06\/Travail-dequipe-image-1-2048x1366.jpeg 2048w, https:\/\/thinktankisooko.org\/wp-content\/uploads\/2024\/06\/Travail-dequipe-image-1-600x400.jpeg 600w, https:\/\/thinktankisooko.org\/wp-content\/uploads\/2024\/06\/Travail-dequipe-image-1-1200x800.jpeg 1200w\" sizes=\"100vw\" \/>\t\t\t\t\t\t\t\t\t\t\t\t\t\t\t<\/div>\n\t\t\t\t<\/div>\n\t\t\t\t<\/div>\n\t\t<div class=\"elementor-element elementor-element-5407379 e-con-full e-flex e-con e-child\" data-id=\"5407379\" data-element_type=\"container\">\n\t\t\t\t<div class=\"elementor-element elementor-element-18af584 elementor-widget elementor-widget-text-editor\" data-id=\"18af584\" data-element_type=\"widget\" data-widget_type=\"text-editor.default\">\n\t\t\t\t<div class=\"elementor-widget-container\">\n\t\t\t\t\t\t\t\t\t<h2 style=\"text-align: center;\">PROJETS A VENIR<\/h2>\n<p>Le projet \u00e0 venir qui d\u00e9pend de la disponibilit\u00e9 de financement est\u00a0 la r\u00e9alisation d\u2019un \u00e9tude comparative de la gouvernance dans les pays de la r\u00e9gion des grands lacs d\u2019Afrique et leur incidence sur la paix et la s\u00e9curit\u00e9 dans la r\u00e9gion.<\/p>\t\t\t\t\t\t\t\t<\/div>\n\t\t\t\t<\/div>\n\t\t\t\t<\/div>\n\t\t\t\t\t<\/div>\n\t\t\t\t<\/div>\n\t\t<div class=\"elementor-element elementor-element-955fd83 e-flex e-con-boxed e-con e-parent\" data-id=\"955fd83\" data-element_type=\"container\">\n\t\t\t\t\t<div class=\"e-con-inner\">\n\t\t<div class=\"elementor-element elementor-element-cac523e e-con-full e-flex e-con e-child\" data-id=\"cac523e\" data-element_type=\"container\">\n\t\t\t\t<div class=\"elementor-element elementor-element-600eba7 elementor-widget elementor-widget-text-editor\" data-id=\"600eba7\" data-element_type=\"widget\" data-widget_type=\"text-editor.default\">\n\t\t\t\t<div class=\"elementor-widget-container\">\n\t\t\t\t\t\t\t\t\t<h2 style=\"text-align: center;\"><strong>\u00a0<\/strong><\/h2><h2 style=\"text-align: center;\"><strong>PROJETS REALISES<\/strong><\/h2><p>Pour le moment, nos experts rassemblent les \u00e9tudes et articles d\u00e9j\u00e0 publi\u00e9s sur la gouvernance dans la r\u00e9gion des grands lacs d\u2019Afrique.<\/p><p>Visitez notre page <a href=\"https:\/\/thinktankisooko.org\/fr\/a-propos-copy\/\" target=\"_blank\" rel=\"noopener\">Archives<\/a>\u00a0 rubrique <a href=\"https:\/\/thinktankisooko.org\/etudes\/\">Etudes<\/a>.<\/p><p>Cette page encore en construction contiendra les archives des projets r\u00e9alis\u00e9s.<\/p>\t\t\t\t\t\t\t\t<\/div>\n\t\t\t\t<\/div>\n\t\t\t\t<\/div>\n\t\t<div class=\"elementor-element elementor-element-724ec65 e-con-full e-flex e-con e-child\" data-id=\"724ec65\" data-element_type=\"container\">\n\t\t\t\t<div class=\"elementor-element elementor-element-2ecf3b5 elementor-widget elementor-widget-image\" data-id=\"2ecf3b5\" data-element_type=\"widget\" data-widget_type=\"image.default\">\n\t\t\t\t<div class=\"elementor-widget-container\">\n\t\t\t\t\t\t\t\t\t\t\t\t\t\t\t<img decoding=\"async\" width=\"598\" height=\"668\" src=\"https:\/\/thinktankisooko.org\/wp-content\/uploads\/2024\/06\/Image-3-Region-des-Grands-Lacs-dAfrique.gif\" class=\"attachment-medium_large size-medium_large wp-image-160\" alt=\"\" sizes=\"100vw\" \/>\t\t\t\t\t\t\t\t\t\t\t\t\t\t\t<\/div>\n\t\t\t\t<\/div>\n\t\t\t\t<\/div>\n\t\t\t\t\t<\/div>\n\t\t\t\t<\/div>\n\t\t\t\t<\/div>\n\t\t","protected":false},"excerpt":{"rendered":"<p>PROJETS EN COURS Think Tank Isooko travaille sur un projet de pr\u00e9paration d\u2019une conf\u00e9rence internationale sur le Rwanda, qui doit r\u00e9unir toutes les forces politiques de changement et la soci\u00e9t\u00e9 civile, pour analyser l\u2019\u00e9tat actuel de la situation socio-politique et envisager un avenir meilleur. PROJETS A VENIR Le projet \u00e0 venir qui d\u00e9pend de la &hellip; <\/p>\n<p class=\"link-more\"><a href=\"https:\/\/thinktankisooko.org\/fr\/etudes-copy-2\/\" class=\"more-link\">Lire la suite de<span class=\"screen-reader-text\">\u00ab\u00a0Projets\u00a0\u00bb<\/span><\/a><\/p>\n","protected":false},"author":1,"featured_media":166,"parent":0,"menu_order":0,"comment_status":"closed","ping_status":"closed","template":"","meta":{"_crdt_document":"","jetpack_post_was_ever_published":false,"footnotes":""},"class_list":["post-741","page","type-page","status-publish","has-post-thumbnail","hentry"],"jetpack-related-posts":[],"jetpack_sharing_enabled":true,"featured_media_urls":{"thumbnail":["https:\/\/thinktankisooko.org\/wp-content\/uploads\/2024\/06\/Projet-image-1-150x150.jpg",150,150,true],"medium":["https:\/\/thinktankisooko.org\/wp-content\/uploads\/2024\/06\/Projet-image-1-300x200.jpg",300,200,true],"medium_large":["https:\/\/thinktankisooko.org\/wp-content\/uploads\/2024\/06\/Projet-image-1.jpg",768,512,false],"large":["https:\/\/thinktankisooko.org\/wp-content\/uploads\/2024\/06\/Projet-image-1.jpg",950,633,false],"1536x1536":["https:\/\/thinktankisooko.org\/wp-content\/uploads\/2024\/06\/Projet-image-1.jpg",1024,682,false],"2048x2048":["https:\/\/thinktankisooko.org\/wp-content\/uploads\/2024\/06\/Projet-image-1.jpg",1024,682,false],"inspiro-featured-image":["https:\/\/thinktankisooko.org\/wp-content\/uploads\/2024\/06\/Projet-image-1.jpg",1024,682,false],"inspiro-loop":["https:\/\/thinktankisooko.org\/wp-content\/uploads\/2024\/06\/Projet-image-1-950x320.jpg",950,320,true],"inspiro-loop@2x":["https:\/\/thinktankisooko.org\/wp-content\/uploads\/2024\/06\/Projet-image-1-1024x640.jpg",1024,640,true],"woocommerce_thumbnail":["https:\/\/thinktankisooko.org\/wp-content\/uploads\/2024\/06\/Projet-image-1-300x300.jpg",300,300,true],"woocommerce_single":["https:\/\/thinktankisooko.org\/wp-content\/uploads\/2024\/06\/Projet-image-1-600x400.jpg",600,400,true],"woocommerce_gallery_thumbnail":["https:\/\/thinktankisooko.org\/wp-content\/uploads\/2024\/06\/Projet-image-1-100x100.jpg",100,100,true],"portfolio_item-thumbnail":["https:\/\/thinktankisooko.org\/wp-content\/uploads\/2024\/06\/Projet-image-1-600x400.jpg",600,400,true],"portfolio_item-thumbnail@2x":["https:\/\/thinktankisooko.org\/wp-content\/uploads\/2024\/06\/Projet-image-1.jpg",1024,682,false],"portfolio_item-masonry":["https:\/\/thinktankisooko.org\/wp-content\/uploads\/2024\/06\/Projet-image-1-600x400.jpg",600,400,true],"portfolio_item-masonry@2x":["https:\/\/thinktankisooko.org\/wp-content\/uploads\/2024\/06\/Projet-image-1.jpg",1024,682,false],"portfolio_item-thumbnail_cinema":["https:\/\/thinktankisooko.org\/wp-content\/uploads\/2024\/06\/Projet-image-1-800x335.jpg",800,335,true],"portfolio_item-thumbnail_portrait":["https:\/\/thinktankisooko.org\/wp-content\/uploads\/2024\/06\/Projet-image-1-600x682.jpg",600,682,true],"portfolio_item-thumbnail_portrait@2x":["https:\/\/thinktankisooko.org\/wp-content\/uploads\/2024\/06\/Projet-image-1.jpg",1024,682,false],"portfolio_item-thumbnail_square":["https:\/\/thinktankisooko.org\/wp-content\/uploads\/2024\/06\/Projet-image-1-800x682.jpg",800,682,true]},"_links":{"self":[{"href":"https:\/\/thinktankisooko.org\/fr\/wp-json\/wp\/v2\/pages\/741","targetHints":{"allow":["GET"]}}],"collection":[{"href":"https:\/\/thinktankisooko.org\/fr\/wp-json\/wp\/v2\/pages"}],"about":[{"href":"https:\/\/thinktankisooko.org\/fr\/wp-json\/wp\/v2\/types\/page"}],"author":[{"embeddable":true,"href":"https:\/\/thinktankisooko.org\/fr\/wp-json\/wp\/v2\/users\/1"}],"replies":[{"embeddable":true,"href":"https:\/\/thinktankisooko.org\/fr\/wp-json\/wp\/v2\/comments?post=741"}],"version-history":[{"count":41,"href":"https:\/\/thinktankisooko.org\/fr\/wp-json\/wp\/v2\/pages\/741\/revisions"}],"predecessor-version":[{"id":5055,"href":"https:\/\/thinktankisooko.org\/fr\/wp-json\/wp\/v2\/pages\/741\/revisions\/5055"}],"wp:featuredmedia":[{"embeddable":true,"href":"https:\/\/thinktankisooko.org\/fr\/wp-json\/wp\/v2\/media\/166"}],"wp:attachment":[{"href":"https:\/\/thinktankisooko.org\/fr\/wp-json\/wp\/v2\/media?parent=741"}],"curies":[{"name":"wp","href":"https:\/\/api.w.org\/{rel}","templated":true}]}}