{"id":635,"date":"2024-06-08T19:43:18","date_gmt":"2024-06-08T19:43:18","guid":{"rendered":"https:\/\/thinktankisooko.org\/?page_id=635"},"modified":"2024-06-16T16:39:04","modified_gmt":"2024-06-16T16:39:04","slug":"don-jbm","status":"publish","type":"page","link":"https:\/\/thinktankisooko.org\/fr\/don-jbm\/","title":{"rendered":"Dons"},"content":{"rendered":"\t\t<div data-elementor-type=\"wp-page\" data-elementor-id=\"635\" class=\"elementor elementor-635\" data-elementor-post-type=\"page\">\n\t\t\t\t<div class=\"elementor-element elementor-element-6d7c0e47 e-flex e-con-boxed e-con e-parent\" data-id=\"6d7c0e47\" data-element_type=\"container\">\n\t\t\t\t\t<div class=\"e-con-inner\">\n\t\t\t\t<div class=\"elementor-element elementor-element-3c1de413 elementor-widget elementor-widget-text-editor\" data-id=\"3c1de413\" data-element_type=\"widget\" data-widget_type=\"text-editor.default\">\n\t\t\t\t<div class=\"elementor-widget-container\">\n\t\t\t\t\t\t\t\t\t<p>Pour nous soutenir<\/p><p>Payer vos cotisations de membre<\/p><p>Merci d\u2019appuyer sur le bouton suivant et suivre la proc\u00e9dure de paiement<\/p>\t\t\t\t\t\t\t\t<\/div>\n\t\t\t\t<\/div>\n\t\t\t\t\t<\/div>\n\t\t\t\t<\/div>\n\t\t<div class=\"elementor-element elementor-element-40a05d4 e-flex e-con-boxed e-con e-parent\" data-id=\"40a05d4\" data-element_type=\"container\">\n\t\t\t\t\t<div class=\"e-con-inner\">\n\t\t\t\t<div class=\"elementor-element elementor-element-f0b3060 elementor-button-success elementor-align-left elementor-widget elementor-widget-button\" data-id=\"f0b3060\" data-element_type=\"widget\" data-widget_type=\"button.default\">\n\t\t\t\t<div class=\"elementor-widget-container\">\n\t\t\t\t\t\t\t\t\t<div class=\"elementor-button-wrapper\">\n\t\t\t\t\t<a class=\"elementor-button elementor-button-link elementor-size-sm\" href=\"https:\/\/donate.stripe.com\/7sIaFOfaae7Z3xm288\" target=\"_blank\">\n\t\t\t\t\t\t<span class=\"elementor-button-content-wrapper\">\n\t\t\t\t\t\t<span class=\"elementor-button-icon\">\n\t\t\t\t<svg aria-hidden=\"true\" class=\"e-font-icon-svg e-far-handshake\" viewBox=\"0 0 640 512\" xmlns=\"http:\/\/www.w3.org\/2000\/svg\"><path d=\"M519.2 127.9l-47.6-47.6A56.252 56.252 0 0 0 432 64H205.2c-14.8 0-29.1 5.9-39.6 16.3L118 127.9H0v255.7h64c17.6 0 31.8-14.2 31.9-31.7h9.1l84.6 76.4c30.9 25.1 73.8 25.7 105.6 3.8 12.5 10.8 26 15.9 41.1 15.9 18.2 0 35.3-7.4 48.8-24 22.1 8.7 48.2 2.6 64-16.8l26.2-32.3c5.6-6.9 9.1-14.8 10.9-23h57.9c.1 17.5 14.4 31.7 31.9 31.7h64V127.9H519.2zM48 351.6c-8.8 0-16-7.2-16-16s7.2-16 16-16 16 7.2 16 16c0 8.9-7.2 16-16 16zm390-6.9l-26.1 32.2c-2.8 3.4-7.8 4-11.3 1.2l-23.9-19.4-30 36.5c-6 7.3-15 4.8-18 2.4l-36.8-31.5-15.6 19.2c-13.9 17.1-39.2 19.7-55.3 6.6l-97.3-88H96V175.8h41.9l61.7-61.6c2-.8 3.7-1.5 5.7-2.3H262l-38.7 35.5c-29.4 26.9-31.1 72.3-4.4 101.3 14.8 16.2 61.2 41.2 101.5 4.4l8.2-7.5 108.2 87.8c3.4 2.8 3.9 7.9 1.2 11.3zm106-40.8h-69.2c-2.3-2.8-4.9-5.4-7.7-7.7l-102.7-83.4 12.5-11.4c6.5-6 7-16.1 1-22.6L367 167.1c-6-6.5-16.1-6.9-22.6-1l-55.2 50.6c-9.5 8.7-25.7 9.4-34.6 0-9.3-9.9-8.5-25.1 1.2-33.9l65.6-60.1c7.4-6.8 17-10.5 27-10.5l83.7-.2c2.1 0 4.1.8 5.5 2.3l61.7 61.6H544v128zm48 47.7c-8.8 0-16-7.2-16-16s7.2-16 16-16 16 7.2 16 16c0 8.9-7.2 16-16 16z\"><\/path><\/svg>\t\t\t<\/span>\n\t\t\t\t\t\t\t\t\t<span class=\"elementor-button-text\">Don - Cotisation<\/span>\n\t\t\t\t\t<\/span>\n\t\t\t\t\t<\/a>\n\t\t\t\t<\/div>\n\t\t\t\t\t\t\t\t<\/div>\n\t\t\t\t<\/div>\n\t\t\t\t\t<\/div>\n\t\t\t\t<\/div>\n\t\t<div class=\"elementor-element elementor-element-2194328 e-flex e-con-boxed e-con e-parent\" data-id=\"2194328\" data-element_type=\"container\">\n\t\t\t\t\t<div class=\"e-con-inner\">\n\t\t\t\t<div class=\"elementor-element elementor-element-6c4cea2 elementor-widget elementor-widget-text-editor\" data-id=\"6c4cea2\" data-element_type=\"widget\" data-widget_type=\"text-editor.default\">\n\t\t\t\t<div class=\"elementor-widget-container\">\n\t\t\t\t\t\t\t\t\t<p style=\"margin: 0cm 0cm 15pt; background-image: initial; background-position: initial; background-size: initial; background-repeat: initial; background-attachment: initial; background-origin: initial; background-clip: initial;\"><span style=\"font-family: inter, serif;\">L\u2019utilisation de vos cartes de cr\u00e9dit b\u00e9n\u00e9ficie d\u2019une s\u00e9curisation sp\u00e9cifique assur\u00e9e par le protocole RapidSSL<\/span><\/p>\t\t\t\t\t\t\t\t<\/div>\n\t\t\t\t<\/div>\n\t\t\t\t\t<\/div>\n\t\t\t\t<\/div>\n\t\t<div class=\"elementor-element elementor-element-1a9eb45 e-flex e-con-boxed e-con e-parent\" data-id=\"1a9eb45\" data-element_type=\"container\">\n\t\t\t\t\t<div class=\"e-con-inner\">\n\t\t\t\t<div class=\"elementor-element elementor-element-ab22f84 elementor-widget elementor-widget-image\" data-id=\"ab22f84\" data-element_type=\"widget\" data-widget_type=\"image.default\">\n\t\t\t\t<div class=\"elementor-widget-container\">\n\t\t\t\t\t\t\t\t\t\t\t\t\t\t\t<img decoding=\"async\" width=\"90\" height=\"50\" src=\"https:\/\/thinktankisooko.org\/wp-content\/uploads\/2024\/06\/SSL-insinge.gif\" class=\"attachment-large size-large wp-image-101\" alt=\"\" sizes=\"100vw\" \/>\t\t\t\t\t\t\t\t\t\t\t\t\t\t\t<\/div>\n\t\t\t\t<\/div>\n\t\t\t\t\t<\/div>\n\t\t\t\t<\/div>\n\t\t\t\t<\/div>\n\t\t","protected":false},"excerpt":{"rendered":"<p>Pour nous soutenir Payer vos cotisations de membre Merci d\u2019appuyer sur le bouton suivant et suivre la proc\u00e9dure de paiement Don &#8211; Cotisation L\u2019utilisation de vos cartes de cr\u00e9dit b\u00e9n\u00e9ficie d\u2019une s\u00e9curisation sp\u00e9cifique assur\u00e9e par le protocole RapidSSL<\/p>\n","protected":false},"author":1,"featured_media":34,"parent":0,"menu_order":0,"comment_status":"closed","ping_status":"closed","template":"","meta":{"_crdt_document":"","jetpack_post_was_ever_published":false,"footnotes":""},"class_list":["post-635","page","type-page","status-publish","has-post-thumbnail","hentry"],"jetpack-related-posts":[],"jetpack_sharing_enabled":true,"featured_media_urls":{"thumbnail":["https:\/\/thinktankisooko.org\/wp-content\/uploads\/2024\/06\/banner3-150x150.png",150,150,true],"medium":["https:\/\/thinktankisooko.org\/wp-content\/uploads\/2024\/06\/banner3-300x133.png",300,133,true],"medium_large":["https:\/\/thinktankisooko.org\/wp-content\/uploads\/2024\/06\/banner3.png",768,340,false],"large":["https:\/\/thinktankisooko.org\/wp-content\/uploads\/2024\/06\/banner3-1024x453.png",950,420,true],"1536x1536":["https:\/\/thinktankisooko.org\/wp-content\/uploads\/2024\/06\/banner3-1536x680.png",1536,680,true],"2048x2048":["https:\/\/thinktankisooko.org\/wp-content\/uploads\/2024\/06\/banner3.png",1920,850,false],"inspiro-featured-image":["https:\/\/thinktankisooko.org\/wp-content\/uploads\/2024\/06\/banner3.png",1920,850,false],"inspiro-loop":["https:\/\/thinktankisooko.org\/wp-content\/uploads\/2024\/06\/banner3-950x320.png",950,320,true],"inspiro-loop@2x":["https:\/\/thinktankisooko.org\/wp-content\/uploads\/2024\/06\/banner3-1900x640.png",1900,640,true],"woocommerce_thumbnail":["https:\/\/thinktankisooko.org\/wp-content\/uploads\/2024\/06\/banner3-300x300.png",300,300,true],"woocommerce_single":["https:\/\/thinktankisooko.org\/wp-content\/uploads\/2024\/06\/banner3-600x266.png",600,266,true],"woocommerce_gallery_thumbnail":["https:\/\/thinktankisooko.org\/wp-content\/uploads\/2024\/06\/banner3-100x100.png",100,100,true],"portfolio_item-thumbnail":["https:\/\/thinktankisooko.org\/wp-content\/uploads\/2024\/06\/banner3-600x400.png",600,400,true],"portfolio_item-thumbnail@2x":["https:\/\/thinktankisooko.org\/wp-content\/uploads\/2024\/06\/banner3-1200x800.png",1200,800,true],"portfolio_item-masonry":["https:\/\/thinktankisooko.org\/wp-content\/uploads\/2024\/06\/banner3-600x266.png",600,266,true],"portfolio_item-masonry@2x":["https:\/\/thinktankisooko.org\/wp-content\/uploads\/2024\/06\/banner3-1200x531.png",1200,531,true],"portfolio_item-thumbnail_cinema":["https:\/\/thinktankisooko.org\/wp-content\/uploads\/2024\/06\/banner3-800x335.png",800,335,true],"portfolio_item-thumbnail_portrait":["https:\/\/thinktankisooko.org\/wp-content\/uploads\/2024\/06\/banner3-600x850.png",600,850,true],"portfolio_item-thumbnail_portrait@2x":["https:\/\/thinktankisooko.org\/wp-content\/uploads\/2024\/06\/banner3-1200x850.png",1200,850,true],"portfolio_item-thumbnail_square":["https:\/\/thinktankisooko.org\/wp-content\/uploads\/2024\/06\/banner3-800x800.png",800,800,true]},"_links":{"self":[{"href":"https:\/\/thinktankisooko.org\/fr\/wp-json\/wp\/v2\/pages\/635","targetHints":{"allow":["GET"]}}],"collection":[{"href":"https:\/\/thinktankisooko.org\/fr\/wp-json\/wp\/v2\/pages"}],"about":[{"href":"https:\/\/thinktankisooko.org\/fr\/wp-json\/wp\/v2\/types\/page"}],"author":[{"embeddable":true,"href":"https:\/\/thinktankisooko.org\/fr\/wp-json\/wp\/v2\/users\/1"}],"replies":[{"embeddable":true,"href":"https:\/\/thinktankisooko.org\/fr\/wp-json\/wp\/v2\/comments?post=635"}],"version-history":[{"count":24,"href":"https:\/\/thinktankisooko.org\/fr\/wp-json\/wp\/v2\/pages\/635\/revisions"}],"predecessor-version":[{"id":1186,"href":"https:\/\/thinktankisooko.org\/fr\/wp-json\/wp\/v2\/pages\/635\/revisions\/1186"}],"wp:featuredmedia":[{"embeddable":true,"href":"https:\/\/thinktankisooko.org\/fr\/wp-json\/wp\/v2\/media\/34"}],"wp:attachment":[{"href":"https:\/\/thinktankisooko.org\/fr\/wp-json\/wp\/v2\/media?parent=635"}],"curies":[{"name":"wp","href":"https:\/\/api.w.org\/{rel}","templated":true}]}}