{"id":261,"date":"2024-06-07T06:34:40","date_gmt":"2024-06-07T06:34:40","guid":{"rendered":"https:\/\/thinktankisooko.org\/?page_id=261"},"modified":"2025-01-25T07:35:23","modified_gmt":"2025-01-25T07:35:23","slug":"rapports-2","status":"publish","type":"page","link":"https:\/\/thinktankisooko.org\/fr\/rapports-2\/","title":{"rendered":"Rapports"},"content":{"rendered":"\t\t<div data-elementor-type=\"wp-page\" data-elementor-id=\"261\" class=\"elementor elementor-261\" data-elementor-post-type=\"page\">\n\t\t\t\t<div class=\"elementor-element elementor-element-77e454e e-flex e-con-boxed e-con e-parent\" data-id=\"77e454e\" data-element_type=\"container\">\n\t\t\t\t\t<div class=\"e-con-inner\">\n\t\t\t\t<div class=\"elementor-element elementor-element-b096bcb elementor-widget elementor-widget-text-editor\" data-id=\"b096bcb\" data-element_type=\"widget\" data-widget_type=\"text-editor.default\">\n\t\t\t\t<div class=\"elementor-widget-container\">\n\t\t\t\t\t\t\t\t\t<p>Rapport Mapping<\/p><p>La d\u00e9couverte par la Mission de l&rsquo;Organisation des Nations Unies en R\u00e9publique d\u00e9mocratique du Congo (MONUC) de trois fosses communes dans le Nord-Kivu \u00e0 la fin de 2005 s\u2019est impos\u00e9e comme un douloureux rappel que les graves violations des droits de l\u2019homme commises dans le pass\u00e9 en R\u00e9publique d\u00e9mocratique du Congo (RDC) demeuraient largement impunies et fort peu enqu\u00eat\u00e9es.<\/p><p>Apr\u00e8s de nombreuses consultations au sein de l\u2019Organisation des Nations Unies, l\u2019id\u00e9e initiale de r\u00e9activer l\u2019\u00c9quipe d\u2019enqu\u00eate du Secr\u00e9taire g\u00e9n\u00e9ral de 1997-1998 fut \u00e9cart\u00e9e au profit d\u2019un projet plus large.<\/p><p>Des consultations entre<\/p><ul><li>le D\u00e9partement des op\u00e9rations de maintien de la paix du Secr\u00e9tariat, la MONUC<\/li><li>le Haut-Commissariat des Nations Unies aux droits de l\u2019homme (HCDH)<\/li><li>le D\u00e9partement des affaires politiques le Bureau des affaires juridiques et<\/li><li>le Bureau du Conseiller sp\u00e9cial pour la pr\u00e9vention du g\u00e9nocide du Secr\u00e9tariat<\/li><li><p>ont abouti \u00e0 un accord visant \u00e0 fournir aux autorit\u00e9s congolaises les outils n\u00e9cessaires pour entamer la lutte contre l\u2019impunit\u00e9.<\/p><\/li><\/ul><ul><li style=\"list-style-type: none;\">\u00a0<\/li><\/ul><p>T\u00e9l\u00e9charger le rapport :<\/p><p><a href=\"https:\/\/thinktankisooko.org\/wp-content\/uploads\/2024\/06\/DRC_MAPPING_REPORT_FINAL_FR-2.pdf\" target=\"_blank\" rel=\"noopener\">DRC_MAPPING_REPORT_FINAL_FR<\/a><\/p><p><a href=\"https:\/\/www.ohchr.org\/sites\/default\/files\/Documents\/Countries\/CD\/DRC_MAPPING_REPORT_FINAL_EN.pdf\" target=\"_blank\" rel=\"noopener\">DRC_MAPPING_REPORT_FINAL_ENG<\/a><\/p>\t\t\t\t\t\t\t\t<\/div>\n\t\t\t\t<\/div>\n\t\t\t\t\t<\/div>\n\t\t\t\t<\/div>\n\t\t\t\t<\/div>\n\t\t","protected":false},"excerpt":{"rendered":"<p>Rapport Mapping La d\u00e9couverte par la Mission de l&rsquo;Organisation des Nations Unies en R\u00e9publique d\u00e9mocratique du Congo (MONUC) de trois fosses communes dans le Nord-Kivu \u00e0 la fin de 2005 s\u2019est impos\u00e9e comme un douloureux rappel que les graves violations des droits de l\u2019homme commises dans le pass\u00e9 en R\u00e9publique d\u00e9mocratique du Congo (RDC) demeuraient &hellip; <\/p>\n<p class=\"link-more\"><a href=\"https:\/\/thinktankisooko.org\/fr\/rapports-2\/\" class=\"more-link\">Lire la suite de<span class=\"screen-reader-text\">\u00ab\u00a0Rapports\u00a0\u00bb<\/span><\/a><\/p>\n","protected":false},"author":1,"featured_media":1038,"parent":0,"menu_order":0,"comment_status":"closed","ping_status":"closed","template":"","meta":{"_crdt_document":"","jetpack_post_was_ever_published":false,"footnotes":""},"class_list":["post-261","page","type-page","status-publish","has-post-thumbnail","hentry"],"jetpack-related-posts":[],"jetpack_sharing_enabled":true,"featured_media_urls":{"thumbnail":["https:\/\/thinktankisooko.org\/wp-content\/uploads\/2024\/06\/documents-icon-net-150x150.jpg",150,150,true],"medium":["https:\/\/thinktankisooko.org\/wp-content\/uploads\/2024\/06\/documents-icon-net-300x225.jpg",300,225,true],"medium_large":["https:\/\/thinktankisooko.org\/wp-content\/uploads\/2024\/06\/documents-icon-net.jpg",360,270,false],"large":["https:\/\/thinktankisooko.org\/wp-content\/uploads\/2024\/06\/documents-icon-net.jpg",360,270,false],"1536x1536":["https:\/\/thinktankisooko.org\/wp-content\/uploads\/2024\/06\/documents-icon-net.jpg",360,270,false],"2048x2048":["https:\/\/thinktankisooko.org\/wp-content\/uploads\/2024\/06\/documents-icon-net.jpg",360,270,false],"inspiro-featured-image":["https:\/\/thinktankisooko.org\/wp-content\/uploads\/2024\/06\/documents-icon-net.jpg",360,270,false],"inspiro-loop":["https:\/\/thinktankisooko.org\/wp-content\/uploads\/2024\/06\/documents-icon-net.jpg",360,270,false],"inspiro-loop@2x":["https:\/\/thinktankisooko.org\/wp-content\/uploads\/2024\/06\/documents-icon-net.jpg",360,270,false],"woocommerce_thumbnail":["https:\/\/thinktankisooko.org\/wp-content\/uploads\/2024\/06\/documents-icon-net-300x270.jpg",300,270,true],"woocommerce_single":["https:\/\/thinktankisooko.org\/wp-content\/uploads\/2024\/06\/documents-icon-net.jpg",360,270,false],"woocommerce_gallery_thumbnail":["https:\/\/thinktankisooko.org\/wp-content\/uploads\/2024\/06\/documents-icon-net-100x100.jpg",100,100,true],"portfolio_item-thumbnail":["https:\/\/thinktankisooko.org\/wp-content\/uploads\/2024\/06\/documents-icon-net.jpg",360,270,false],"portfolio_item-thumbnail@2x":["https:\/\/thinktankisooko.org\/wp-content\/uploads\/2024\/06\/documents-icon-net.jpg",360,270,false],"portfolio_item-masonry":["https:\/\/thinktankisooko.org\/wp-content\/uploads\/2024\/06\/documents-icon-net.jpg",360,270,false],"portfolio_item-masonry@2x":["https:\/\/thinktankisooko.org\/wp-content\/uploads\/2024\/06\/documents-icon-net.jpg",360,270,false],"portfolio_item-thumbnail_cinema":["https:\/\/thinktankisooko.org\/wp-content\/uploads\/2024\/06\/documents-icon-net.jpg",360,270,false],"portfolio_item-thumbnail_portrait":["https:\/\/thinktankisooko.org\/wp-content\/uploads\/2024\/06\/documents-icon-net.jpg",360,270,false],"portfolio_item-thumbnail_portrait@2x":["https:\/\/thinktankisooko.org\/wp-content\/uploads\/2024\/06\/documents-icon-net.jpg",360,270,false],"portfolio_item-thumbnail_square":["https:\/\/thinktankisooko.org\/wp-content\/uploads\/2024\/06\/documents-icon-net.jpg",360,270,false]},"_links":{"self":[{"href":"https:\/\/thinktankisooko.org\/fr\/wp-json\/wp\/v2\/pages\/261","targetHints":{"allow":["GET"]}}],"collection":[{"href":"https:\/\/thinktankisooko.org\/fr\/wp-json\/wp\/v2\/pages"}],"about":[{"href":"https:\/\/thinktankisooko.org\/fr\/wp-json\/wp\/v2\/types\/page"}],"author":[{"embeddable":true,"href":"https:\/\/thinktankisooko.org\/fr\/wp-json\/wp\/v2\/users\/1"}],"replies":[{"embeddable":true,"href":"https:\/\/thinktankisooko.org\/fr\/wp-json\/wp\/v2\/comments?post=261"}],"version-history":[{"count":22,"href":"https:\/\/thinktankisooko.org\/fr\/wp-json\/wp\/v2\/pages\/261\/revisions"}],"predecessor-version":[{"id":5849,"href":"https:\/\/thinktankisooko.org\/fr\/wp-json\/wp\/v2\/pages\/261\/revisions\/5849"}],"wp:featuredmedia":[{"embeddable":true,"href":"https:\/\/thinktankisooko.org\/fr\/wp-json\/wp\/v2\/media\/1038"}],"wp:attachment":[{"href":"https:\/\/thinktankisooko.org\/fr\/wp-json\/wp\/v2\/media?parent=261"}],"curies":[{"name":"wp","href":"https:\/\/api.w.org\/{rel}","templated":true}]}}