{"id":255,"date":"2024-06-07T06:34:40","date_gmt":"2024-06-07T06:34:40","guid":{"rendered":"https:\/\/thinktankisooko.org\/?page_id=255"},"modified":"2024-10-03T10:08:48","modified_gmt":"2024-10-03T10:08:48","slug":"documents-tti","status":"publish","type":"page","link":"https:\/\/thinktankisooko.org\/fr\/documents-tti\/","title":{"rendered":"Documents TTI"},"content":{"rendered":"\t\t<div data-elementor-type=\"wp-page\" data-elementor-id=\"255\" class=\"elementor elementor-255\" data-elementor-post-type=\"page\">\n\t\t\t\t<div class=\"elementor-element elementor-element-94072ae e-flex e-con-boxed e-con e-parent\" data-id=\"94072ae\" data-element_type=\"container\">\n\t\t\t\t\t<div class=\"e-con-inner\">\n\t\t\t\t<div class=\"elementor-element elementor-element-a02ce3a elementor-widget elementor-widget-text-editor\" data-id=\"a02ce3a\" data-element_type=\"widget\" data-widget_type=\"text-editor.default\">\n\t\t\t\t<div class=\"elementor-widget-container\">\n\t\t\t\t\t\t\t\t\t<p>Sous<em><strong> Documents TTI<\/strong><\/em>, vous trouverez tous ce qui concernes nos statuts, r\u00e8glement int\u00e9rieur, documents officiels et autres<\/p>\t\t\t\t\t\t\t\t<\/div>\n\t\t\t\t<\/div>\n\t\t\t\t\t<\/div>\n\t\t\t\t<\/div>\n\t\t<div class=\"elementor-element elementor-element-427d46fe e-flex e-con-boxed e-con e-parent\" data-id=\"427d46fe\" data-element_type=\"container\">\n\t\t\t\t\t<div class=\"e-con-inner\">\n\t\t\t\t<div class=\"elementor-element elementor-element-6a042b73 elementor-widget elementor-widget-text-editor\" data-id=\"6a042b73\" data-element_type=\"widget\" data-widget_type=\"text-editor.default\">\n\t\t\t\t<div class=\"elementor-widget-container\">\n\t\t\t\t\t\t\t\t\t<h3 class=\"is-layout-flow wp-block-column-is-layout-flow\"><strong><img fetchpriority=\"high\" decoding=\"async\" class=\"alignnone size-medium wp-image-182\" src=\"https:\/\/thinktankisooko.org\/wp-content\/uploads\/2024\/06\/Travail-dequipe-image-5-300x196.jpg\" alt=\"\" width=\"300\" height=\"196\" srcset=\"https:\/\/thinktankisooko.org\/wp-content\/uploads\/2024\/06\/Travail-dequipe-image-5-300x196.jpg 300w, https:\/\/thinktankisooko.org\/wp-content\/uploads\/2024\/06\/Travail-dequipe-image-5.jpg 363w\" sizes=\"(max-width: 300px) 100vw, 300px\" \/><\/strong><a href=\"https:\/\/thinktankisooko.org\/wp-content\/uploads\/2024\/06\/Document-de-presentation-TTI-version-francaise.pdf\" target=\"_blank\" rel=\"noopener\">Pr\u00e9sentation de Think Tank Isooko<\/a><\/h3><p>Think Tank Isooko est un groupe d\u2019\u00e9tudes strat\u00e9giques, de r\u00e9flexion, de recommandation et de sensibilisation.<\/p><p>C\u2019est une organisation de soutien \u00e0 la paix et \u00e0 la s\u00e9curit\u00e9 dans la r\u00e9gion des grands lacs d\u2019Afrique<\/p><h3><img decoding=\"async\" class=\"alignnone size-medium wp-image-170\" src=\"https:\/\/thinktankisooko.org\/wp-content\/uploads\/2024\/06\/Think-Tank-image-1-300x150.jpg\" sizes=\"(max-width: 300px) 100vw, 300px\" srcset=\"https:\/\/thinktankisooko.org\/wp-content\/uploads\/2024\/06\/Think-Tank-image-1-300x150.jpg 300w, https:\/\/thinktankisooko.org\/wp-content\/uploads\/2024\/06\/Think-Tank-image-1.jpg 1000w\" alt=\"\" width=\"300\" height=\"150\" \/><a href=\"https:\/\/thinktankisooko.org\/wp-content\/uploads\/2024\/09\/FR-STATUTS-TTI.pdf\" target=\"_blank\" rel=\"noopener\">Statuts de Think Tank Isooko<\/a><\/h3><figure><\/figure><p>Think Tank Isooko est r\u00e9gi par des statuts qui constituent son instrument l\u00e9gal. Ils d\u00e9finissent sa structure, ses organes et son fonctionnement.<\/p><h3><strong><img decoding=\"async\" class=\"alignnone size-full wp-image-91\" src=\"https:\/\/thinktankisooko.org\/wp-content\/uploads\/2024\/06\/InstagramProfilePhoto.png\" alt=\"\" width=\"180\" height=\"180\" srcset=\"https:\/\/thinktankisooko.org\/wp-content\/uploads\/2024\/06\/InstagramProfilePhoto.png 180w, https:\/\/thinktankisooko.org\/wp-content\/uploads\/2024\/06\/InstagramProfilePhoto-150x150.png 150w\" sizes=\"(max-width: 180px) 100vw, 180px\" \/><\/strong><a href=\"https:\/\/thinktankisooko.org\/wp-content\/uploads\/2024\/09\/FR-ROI-TTI-Reglement-Interieur.pdf\" target=\"_blank\" rel=\"noopener\">R\u00e8glement d\u2019ordre int\u00e9rieur (ROI)<\/a><\/h3><p>Think Tank Isooko s\u2019est aussi dot\u00e9 d\u2019un r\u00e8glement d\u2019ordre int\u00e9rieur qui d\u00e9taille les cat\u00e9gories des membres, leurs droits et obligations, le fonctionnement des organes et les attributions des membres de ses organes dirigeants.<\/p><figure><\/figure><h3><strong><img loading=\"lazy\" decoding=\"async\" class=\"alignnone size-medium wp-image-176\" src=\"https:\/\/thinktankisooko.org\/wp-content\/uploads\/2024\/06\/Travail-dequipe-image-3-1-300x200.jpg\" sizes=\"(max-width: 300px) 100vw, 300px\" srcset=\"https:\/\/thinktankisooko.org\/wp-content\/uploads\/2024\/06\/Travail-dequipe-image-3-1-300x200.jpg 300w, https:\/\/thinktankisooko.org\/wp-content\/uploads\/2024\/06\/Travail-dequipe-image-3-1.jpg 380w\" alt=\"\" width=\"300\" height=\"200\" \/><\/strong><a href=\"https:\/\/thinktankisooko.org\/wp-content\/uploads\/2024\/06\/Enregistrement-think-tank-isooko-inc-2024-05-03-08-41-20.pdf\" target=\"_blank\" rel=\"noopener\">Enregistrement officiel de TTI<\/a><\/h3><p>Reconnaissance juridique &#8211; EIN 99-2836419<\/p>\t\t\t\t\t\t\t\t<\/div>\n\t\t\t\t<\/div>\n\t\t\t\t\t<\/div>\n\t\t\t\t<\/div>\n\t\t\t\t<\/div>\n\t\t","protected":false},"excerpt":{"rendered":"<p>Sous Documents TTI, vous trouverez tous ce qui concernes nos statuts, r\u00e8glement int\u00e9rieur, documents officiels et autres Pr\u00e9sentation de Think Tank Isooko Think Tank Isooko est un groupe d\u2019\u00e9tudes strat\u00e9giques, de r\u00e9flexion, de recommandation et de sensibilisation. C\u2019est une organisation de soutien \u00e0 la paix et \u00e0 la s\u00e9curit\u00e9 dans la r\u00e9gion des grands lacs &hellip; <\/p>\n<p class=\"link-more\"><a href=\"https:\/\/thinktankisooko.org\/fr\/documents-tti\/\" class=\"more-link\">Lire la suite de<span class=\"screen-reader-text\">\u00ab\u00a0Documents TTI\u00a0\u00bb<\/span><\/a><\/p>\n","protected":false},"author":1,"featured_media":1038,"parent":0,"menu_order":0,"comment_status":"closed","ping_status":"closed","template":"","meta":{"_crdt_document":"","jetpack_post_was_ever_published":false,"footnotes":""},"class_list":["post-255","page","type-page","status-publish","has-post-thumbnail","hentry"],"jetpack-related-posts":[],"jetpack_sharing_enabled":true,"featured_media_urls":{"thumbnail":["https:\/\/thinktankisooko.org\/wp-content\/uploads\/2024\/06\/documents-icon-net-150x150.jpg",150,150,true],"medium":["https:\/\/thinktankisooko.org\/wp-content\/uploads\/2024\/06\/documents-icon-net-300x225.jpg",300,225,true],"medium_large":["https:\/\/thinktankisooko.org\/wp-content\/uploads\/2024\/06\/documents-icon-net.jpg",360,270,false],"large":["https:\/\/thinktankisooko.org\/wp-content\/uploads\/2024\/06\/documents-icon-net.jpg",360,270,false],"1536x1536":["https:\/\/thinktankisooko.org\/wp-content\/uploads\/2024\/06\/documents-icon-net.jpg",360,270,false],"2048x2048":["https:\/\/thinktankisooko.org\/wp-content\/uploads\/2024\/06\/documents-icon-net.jpg",360,270,false],"inspiro-featured-image":["https:\/\/thinktankisooko.org\/wp-content\/uploads\/2024\/06\/documents-icon-net.jpg",360,270,false],"inspiro-loop":["https:\/\/thinktankisooko.org\/wp-content\/uploads\/2024\/06\/documents-icon-net.jpg",360,270,false],"inspiro-loop@2x":["https:\/\/thinktankisooko.org\/wp-content\/uploads\/2024\/06\/documents-icon-net.jpg",360,270,false],"woocommerce_thumbnail":["https:\/\/thinktankisooko.org\/wp-content\/uploads\/2024\/06\/documents-icon-net-300x270.jpg",300,270,true],"woocommerce_single":["https:\/\/thinktankisooko.org\/wp-content\/uploads\/2024\/06\/documents-icon-net.jpg",360,270,false],"woocommerce_gallery_thumbnail":["https:\/\/thinktankisooko.org\/wp-content\/uploads\/2024\/06\/documents-icon-net-100x100.jpg",100,100,true],"portfolio_item-thumbnail":["https:\/\/thinktankisooko.org\/wp-content\/uploads\/2024\/06\/documents-icon-net.jpg",360,270,false],"portfolio_item-thumbnail@2x":["https:\/\/thinktankisooko.org\/wp-content\/uploads\/2024\/06\/documents-icon-net.jpg",360,270,false],"portfolio_item-masonry":["https:\/\/thinktankisooko.org\/wp-content\/uploads\/2024\/06\/documents-icon-net.jpg",360,270,false],"portfolio_item-masonry@2x":["https:\/\/thinktankisooko.org\/wp-content\/uploads\/2024\/06\/documents-icon-net.jpg",360,270,false],"portfolio_item-thumbnail_cinema":["https:\/\/thinktankisooko.org\/wp-content\/uploads\/2024\/06\/documents-icon-net.jpg",360,270,false],"portfolio_item-thumbnail_portrait":["https:\/\/thinktankisooko.org\/wp-content\/uploads\/2024\/06\/documents-icon-net.jpg",360,270,false],"portfolio_item-thumbnail_portrait@2x":["https:\/\/thinktankisooko.org\/wp-content\/uploads\/2024\/06\/documents-icon-net.jpg",360,270,false],"portfolio_item-thumbnail_square":["https:\/\/thinktankisooko.org\/wp-content\/uploads\/2024\/06\/documents-icon-net.jpg",360,270,false]},"_links":{"self":[{"href":"https:\/\/thinktankisooko.org\/fr\/wp-json\/wp\/v2\/pages\/255","targetHints":{"allow":["GET"]}}],"collection":[{"href":"https:\/\/thinktankisooko.org\/fr\/wp-json\/wp\/v2\/pages"}],"about":[{"href":"https:\/\/thinktankisooko.org\/fr\/wp-json\/wp\/v2\/types\/page"}],"author":[{"embeddable":true,"href":"https:\/\/thinktankisooko.org\/fr\/wp-json\/wp\/v2\/users\/1"}],"replies":[{"embeddable":true,"href":"https:\/\/thinktankisooko.org\/fr\/wp-json\/wp\/v2\/comments?post=255"}],"version-history":[{"count":22,"href":"https:\/\/thinktankisooko.org\/fr\/wp-json\/wp\/v2\/pages\/255\/revisions"}],"predecessor-version":[{"id":5104,"href":"https:\/\/thinktankisooko.org\/fr\/wp-json\/wp\/v2\/pages\/255\/revisions\/5104"}],"wp:featuredmedia":[{"embeddable":true,"href":"https:\/\/thinktankisooko.org\/fr\/wp-json\/wp\/v2\/media\/1038"}],"wp:attachment":[{"href":"https:\/\/thinktankisooko.org\/fr\/wp-json\/wp\/v2\/media?parent=255"}],"curies":[{"name":"wp","href":"https:\/\/api.w.org\/{rel}","templated":true}]}}