{"id":254,"date":"2024-06-07T06:34:40","date_gmt":"2024-06-07T06:34:40","guid":{"rendered":"https:\/\/thinktankisooko.org\/?page_id=254"},"modified":"2024-10-03T09:23:11","modified_gmt":"2024-10-03T09:23:11","slug":"realises","status":"publish","type":"page","link":"https:\/\/thinktankisooko.org\/fr\/realises\/","title":{"rendered":"R\u00e9alis\u00e9s"},"content":{"rendered":"\t\t<div data-elementor-type=\"wp-page\" data-elementor-id=\"254\" class=\"elementor elementor-254\" data-elementor-post-type=\"page\">\n\t\t\t\t<div class=\"elementor-element elementor-element-abe8ebd e-flex e-con-boxed e-con e-parent\" data-id=\"abe8ebd\" data-element_type=\"container\">\n\t\t\t\t\t<div class=\"e-con-inner\">\n\t\t\t\t<div class=\"elementor-element elementor-element-5806784f elementor-widget elementor-widget-text-editor\" data-id=\"5806784f\" data-element_type=\"widget\" data-widget_type=\"text-editor.default\">\n\t\t\t\t<div class=\"elementor-widget-container\">\n\t\t\t\t\t\t\t\t\t<p style=\"text-align: center;\"><strong>Page en construction<\/strong><\/p><p>Elle contiendra les archives des projets qui seront r\u00e9alis\u00e9s<\/p><p><img fetchpriority=\"high\" decoding=\"async\" class=\"wp-image-1314 alignleft\" src=\"https:\/\/thinktankisooko.org\/wp-content\/uploads\/2024\/06\/image-uni-solidaire-OIP.jpeg\" alt=\"\" width=\"584\" height=\"394\" \/><\/p><p><strong>Pour le moment, nos experts rassemblent les \u00e9tudes et articles d\u00e9j\u00e0 publi\u00e9s sur la gouvernance dans la r\u00e9gion des grands lacs d\u2019Afrique<\/strong><\/p><p>Visitez notre page Archives sous <a href=\"https:\/\/thinktankisooko.org\/etudes\/\">Etudes<\/a> pour prendre connaissances des recherches et publications sur la r\u00e9gion des grands lacs d&rsquo;Afrique<\/p><p>Merci d\u2019avoir visit\u00e9 notre site et cette page<\/p><p>Revenez prochainement sur cette page pour voir nos prochaines r\u00e9alisations<\/p>\t\t\t\t\t\t\t\t<\/div>\n\t\t\t\t<\/div>\n\t\t\t\t\t<\/div>\n\t\t\t\t<\/div>\n\t\t\t\t<\/div>\n\t\t","protected":false},"excerpt":{"rendered":"<p>Page en construction Elle contiendra les archives des projets qui seront r\u00e9alis\u00e9s Pour le moment, nos experts rassemblent les \u00e9tudes et articles d\u00e9j\u00e0 publi\u00e9s sur la gouvernance dans la r\u00e9gion des grands lacs d\u2019Afrique Visitez notre page Archives sous Etudes pour prendre connaissances des recherches et publications sur la r\u00e9gion des grands lacs d&rsquo;Afrique Merci &hellip; <\/p>\n<p class=\"link-more\"><a href=\"https:\/\/thinktankisooko.org\/fr\/realises\/\" class=\"more-link\">Lire la suite de<span class=\"screen-reader-text\">\u00ab\u00a0R\u00e9alis\u00e9s\u00a0\u00bb<\/span><\/a><\/p>\n","protected":false},"author":1,"featured_media":15,"parent":0,"menu_order":0,"comment_status":"closed","ping_status":"closed","template":"","meta":{"_crdt_document":"","jetpack_post_was_ever_published":false,"footnotes":""},"class_list":["post-254","page","type-page","status-publish","has-post-thumbnail","hentry"],"jetpack-related-posts":[],"jetpack_sharing_enabled":true,"featured_media_urls":{"thumbnail":["https:\/\/thinktankisooko.org\/wp-content\/uploads\/2024\/06\/StockSnap_M6D1GS9PSL-2-150x150.jpg",150,150,true],"medium":["https:\/\/thinktankisooko.org\/wp-content\/uploads\/2024\/06\/StockSnap_M6D1GS9PSL-2-300x198.jpg",300,198,true],"medium_large":["https:\/\/thinktankisooko.org\/wp-content\/uploads\/2024\/06\/StockSnap_M6D1GS9PSL-2.jpg",768,506,false],"large":["https:\/\/thinktankisooko.org\/wp-content\/uploads\/2024\/06\/StockSnap_M6D1GS9PSL-2-1024x674.jpg",950,625,true],"1536x1536":["https:\/\/thinktankisooko.org\/wp-content\/uploads\/2024\/06\/StockSnap_M6D1GS9PSL-2-1536x1011.jpg",1536,1011,true],"2048x2048":["https:\/\/thinktankisooko.org\/wp-content\/uploads\/2024\/06\/StockSnap_M6D1GS9PSL-2.jpg",2000,1317,false],"inspiro-featured-image":["https:\/\/thinktankisooko.org\/wp-content\/uploads\/2024\/06\/StockSnap_M6D1GS9PSL-2.jpg",2000,1317,false],"inspiro-loop":["https:\/\/thinktankisooko.org\/wp-content\/uploads\/2024\/06\/StockSnap_M6D1GS9PSL-2-950x320.jpg",950,320,true],"inspiro-loop@2x":["https:\/\/thinktankisooko.org\/wp-content\/uploads\/2024\/06\/StockSnap_M6D1GS9PSL-2-1900x640.jpg",1900,640,true],"woocommerce_thumbnail":["https:\/\/thinktankisooko.org\/wp-content\/uploads\/2024\/06\/StockSnap_M6D1GS9PSL-2-300x300.jpg",300,300,true],"woocommerce_single":["https:\/\/thinktankisooko.org\/wp-content\/uploads\/2024\/06\/StockSnap_M6D1GS9PSL-2-600x395.jpg",600,395,true],"woocommerce_gallery_thumbnail":["https:\/\/thinktankisooko.org\/wp-content\/uploads\/2024\/06\/StockSnap_M6D1GS9PSL-2-100x100.jpg",100,100,true],"portfolio_item-thumbnail":["https:\/\/thinktankisooko.org\/wp-content\/uploads\/2024\/06\/StockSnap_M6D1GS9PSL-2-600x400.jpg",600,400,true],"portfolio_item-thumbnail@2x":["https:\/\/thinktankisooko.org\/wp-content\/uploads\/2024\/06\/StockSnap_M6D1GS9PSL-2-1200x800.jpg",1200,800,true],"portfolio_item-masonry":["https:\/\/thinktankisooko.org\/wp-content\/uploads\/2024\/06\/StockSnap_M6D1GS9PSL-2-600x395.jpg",600,395,true],"portfolio_item-masonry@2x":["https:\/\/thinktankisooko.org\/wp-content\/uploads\/2024\/06\/StockSnap_M6D1GS9PSL-2-1200x790.jpg",1200,790,true],"portfolio_item-thumbnail_cinema":["https:\/\/thinktankisooko.org\/wp-content\/uploads\/2024\/06\/StockSnap_M6D1GS9PSL-2-800x335.jpg",800,335,true],"portfolio_item-thumbnail_portrait":["https:\/\/thinktankisooko.org\/wp-content\/uploads\/2024\/06\/StockSnap_M6D1GS9PSL-2-600x900.jpg",600,900,true],"portfolio_item-thumbnail_portrait@2x":["https:\/\/thinktankisooko.org\/wp-content\/uploads\/2024\/06\/StockSnap_M6D1GS9PSL-2-1200x1317.jpg",1200,1317,true],"portfolio_item-thumbnail_square":["https:\/\/thinktankisooko.org\/wp-content\/uploads\/2024\/06\/StockSnap_M6D1GS9PSL-2-800x800.jpg",800,800,true]},"_links":{"self":[{"href":"https:\/\/thinktankisooko.org\/fr\/wp-json\/wp\/v2\/pages\/254","targetHints":{"allow":["GET"]}}],"collection":[{"href":"https:\/\/thinktankisooko.org\/fr\/wp-json\/wp\/v2\/pages"}],"about":[{"href":"https:\/\/thinktankisooko.org\/fr\/wp-json\/wp\/v2\/types\/page"}],"author":[{"embeddable":true,"href":"https:\/\/thinktankisooko.org\/fr\/wp-json\/wp\/v2\/users\/1"}],"replies":[{"embeddable":true,"href":"https:\/\/thinktankisooko.org\/fr\/wp-json\/wp\/v2\/comments?post=254"}],"version-history":[{"count":27,"href":"https:\/\/thinktankisooko.org\/fr\/wp-json\/wp\/v2\/pages\/254\/revisions"}],"predecessor-version":[{"id":5063,"href":"https:\/\/thinktankisooko.org\/fr\/wp-json\/wp\/v2\/pages\/254\/revisions\/5063"}],"wp:featuredmedia":[{"embeddable":true,"href":"https:\/\/thinktankisooko.org\/fr\/wp-json\/wp\/v2\/media\/15"}],"wp:attachment":[{"href":"https:\/\/thinktankisooko.org\/fr\/wp-json\/wp\/v2\/media?parent=254"}],"curies":[{"name":"wp","href":"https:\/\/api.w.org\/{rel}","templated":true}]}}