{"id":252,"date":"2024-06-07T06:34:40","date_gmt":"2024-06-07T06:34:40","guid":{"rendered":"https:\/\/thinktankisooko.org\/?page_id=252"},"modified":"2024-06-16T16:15:49","modified_gmt":"2024-06-16T16:15:49","slug":"a-venir","status":"publish","type":"page","link":"https:\/\/thinktankisooko.org\/fr\/a-venir\/","title":{"rendered":"A venir"},"content":{"rendered":"\t\t<div data-elementor-type=\"wp-page\" data-elementor-id=\"252\" class=\"elementor elementor-252\" data-elementor-post-type=\"page\">\n\t\t\t\t<div class=\"elementor-element elementor-element-3ebdd3f7 e-flex e-con-boxed e-con e-parent\" data-id=\"3ebdd3f7\" data-element_type=\"container\">\n\t\t\t\t\t<div class=\"e-con-inner\">\n\t\t\t\t<div class=\"elementor-element elementor-element-7ab6c63c elementor-widget elementor-widget-text-editor\" data-id=\"7ab6c63c\" data-element_type=\"widget\" data-widget_type=\"text-editor.default\">\n\t\t\t\t<div class=\"elementor-widget-container\">\n\t\t\t\t\t\t\t\t\t<p>Etude comparative de la gouvernance dans les pays de la r\u00e9gion des grands lacs d\u2019Afrique et leur incidence sur la paix et la s\u00e9curit\u00e9 dans la r\u00e9gion<\/p><p style=\"padding-left: 40px;\"><img fetchpriority=\"high\" decoding=\"async\" class=\"wp-image-412 alignnone\" src=\"https:\/\/thinktankisooko.org\/wp-content\/uploads\/2024\/06\/youth-300x188.jpg\" alt=\"\" width=\"542\" height=\"340\" srcset=\"https:\/\/thinktankisooko.org\/wp-content\/uploads\/2024\/06\/youth-300x188.jpg 300w, https:\/\/thinktankisooko.org\/wp-content\/uploads\/2024\/06\/youth.jpg 960w\" sizes=\"(max-width: 542px) 100vw, 542px\" \/><\/p>\t\t\t\t\t\t\t\t<\/div>\n\t\t\t\t<\/div>\n\t\t\t\t\t<\/div>\n\t\t\t\t<\/div>\n\t\t\t\t<\/div>\n\t\t","protected":false},"excerpt":{"rendered":"<p>Etude comparative de la gouvernance dans les pays de la r\u00e9gion des grands lacs d\u2019Afrique et leur incidence sur la paix et la s\u00e9curit\u00e9 dans la r\u00e9gion<\/p>\n","protected":false},"author":1,"featured_media":160,"parent":0,"menu_order":0,"comment_status":"closed","ping_status":"closed","template":"","meta":{"_crdt_document":"","jetpack_post_was_ever_published":false,"footnotes":""},"class_list":["post-252","page","type-page","status-publish","has-post-thumbnail","hentry"],"jetpack-related-posts":[],"jetpack_sharing_enabled":true,"featured_media_urls":{"thumbnail":["https:\/\/thinktankisooko.org\/wp-content\/uploads\/2024\/06\/Image-3-Region-des-Grands-Lacs-dAfrique-150x150.gif",150,150,true],"medium":["https:\/\/thinktankisooko.org\/wp-content\/uploads\/2024\/06\/Image-3-Region-des-Grands-Lacs-dAfrique-269x300.gif",269,300,true],"medium_large":["https:\/\/thinktankisooko.org\/wp-content\/uploads\/2024\/06\/Image-3-Region-des-Grands-Lacs-dAfrique.gif",598,668,false],"large":["https:\/\/thinktankisooko.org\/wp-content\/uploads\/2024\/06\/Image-3-Region-des-Grands-Lacs-dAfrique.gif",598,668,false],"1536x1536":["https:\/\/thinktankisooko.org\/wp-content\/uploads\/2024\/06\/Image-3-Region-des-Grands-Lacs-dAfrique.gif",598,668,false],"2048x2048":["https:\/\/thinktankisooko.org\/wp-content\/uploads\/2024\/06\/Image-3-Region-des-Grands-Lacs-dAfrique.gif",598,668,false],"inspiro-featured-image":["https:\/\/thinktankisooko.org\/wp-content\/uploads\/2024\/06\/Image-3-Region-des-Grands-Lacs-dAfrique.gif",598,668,false],"inspiro-loop":["https:\/\/thinktankisooko.org\/wp-content\/uploads\/2024\/06\/Image-3-Region-des-Grands-Lacs-dAfrique-598x320.gif",598,320,true],"inspiro-loop@2x":["https:\/\/thinktankisooko.org\/wp-content\/uploads\/2024\/06\/Image-3-Region-des-Grands-Lacs-dAfrique-598x640.gif",598,640,true],"woocommerce_thumbnail":["https:\/\/thinktankisooko.org\/wp-content\/uploads\/2024\/06\/Image-3-Region-des-Grands-Lacs-dAfrique-300x300.gif",300,300,true],"woocommerce_single":["https:\/\/thinktankisooko.org\/wp-content\/uploads\/2024\/06\/Image-3-Region-des-Grands-Lacs-dAfrique.gif",598,668,false],"woocommerce_gallery_thumbnail":["https:\/\/thinktankisooko.org\/wp-content\/uploads\/2024\/06\/Image-3-Region-des-Grands-Lacs-dAfrique-100x100.gif",100,100,true],"portfolio_item-thumbnail":["https:\/\/thinktankisooko.org\/wp-content\/uploads\/2024\/06\/Image-3-Region-des-Grands-Lacs-dAfrique-598x400.gif",598,400,true],"portfolio_item-thumbnail@2x":["https:\/\/thinktankisooko.org\/wp-content\/uploads\/2024\/06\/Image-3-Region-des-Grands-Lacs-dAfrique.gif",598,668,false],"portfolio_item-masonry":["https:\/\/thinktankisooko.org\/wp-content\/uploads\/2024\/06\/Image-3-Region-des-Grands-Lacs-dAfrique.gif",598,668,false],"portfolio_item-masonry@2x":["https:\/\/thinktankisooko.org\/wp-content\/uploads\/2024\/06\/Image-3-Region-des-Grands-Lacs-dAfrique.gif",598,668,false],"portfolio_item-thumbnail_cinema":["https:\/\/thinktankisooko.org\/wp-content\/uploads\/2024\/06\/Image-3-Region-des-Grands-Lacs-dAfrique-598x335.gif",598,335,true],"portfolio_item-thumbnail_portrait":["https:\/\/thinktankisooko.org\/wp-content\/uploads\/2024\/06\/Image-3-Region-des-Grands-Lacs-dAfrique.gif",598,668,false],"portfolio_item-thumbnail_portrait@2x":["https:\/\/thinktankisooko.org\/wp-content\/uploads\/2024\/06\/Image-3-Region-des-Grands-Lacs-dAfrique.gif",598,668,false],"portfolio_item-thumbnail_square":["https:\/\/thinktankisooko.org\/wp-content\/uploads\/2024\/06\/Image-3-Region-des-Grands-Lacs-dAfrique.gif",598,668,false]},"_links":{"self":[{"href":"https:\/\/thinktankisooko.org\/fr\/wp-json\/wp\/v2\/pages\/252","targetHints":{"allow":["GET"]}}],"collection":[{"href":"https:\/\/thinktankisooko.org\/fr\/wp-json\/wp\/v2\/pages"}],"about":[{"href":"https:\/\/thinktankisooko.org\/fr\/wp-json\/wp\/v2\/types\/page"}],"author":[{"embeddable":true,"href":"https:\/\/thinktankisooko.org\/fr\/wp-json\/wp\/v2\/users\/1"}],"replies":[{"embeddable":true,"href":"https:\/\/thinktankisooko.org\/fr\/wp-json\/wp\/v2\/comments?post=252"}],"version-history":[{"count":7,"href":"https:\/\/thinktankisooko.org\/fr\/wp-json\/wp\/v2\/pages\/252\/revisions"}],"predecessor-version":[{"id":1164,"href":"https:\/\/thinktankisooko.org\/fr\/wp-json\/wp\/v2\/pages\/252\/revisions\/1164"}],"wp:featuredmedia":[{"embeddable":true,"href":"https:\/\/thinktankisooko.org\/fr\/wp-json\/wp\/v2\/media\/160"}],"wp:attachment":[{"href":"https:\/\/thinktankisooko.org\/fr\/wp-json\/wp\/v2\/media?parent=252"}],"curies":[{"name":"wp","href":"https:\/\/api.w.org\/{rel}","templated":true}]}}