{"id":251,"date":"2024-06-07T06:34:40","date_gmt":"2024-06-07T06:34:40","guid":{"rendered":"https:\/\/thinktankisooko.org\/?page_id=251"},"modified":"2024-06-18T21:32:42","modified_gmt":"2024-06-18T21:32:42","slug":"en-cours","status":"publish","type":"page","link":"https:\/\/thinktankisooko.org\/fr\/en-cours\/","title":{"rendered":"En cours"},"content":{"rendered":"\t\t<div data-elementor-type=\"wp-page\" data-elementor-id=\"251\" class=\"elementor elementor-251\" data-elementor-post-type=\"page\">\n\t\t\t\t<div class=\"elementor-element elementor-element-798cd1a1 e-flex e-con-boxed e-con e-parent\" data-id=\"798cd1a1\" data-element_type=\"container\">\n\t\t\t\t\t<div class=\"e-con-inner\">\n\t\t\t\t<div class=\"elementor-element elementor-element-47abdd45 elementor-widget elementor-widget-text-editor\" data-id=\"47abdd45\" data-element_type=\"widget\" data-widget_type=\"text-editor.default\">\n\t\t\t\t<div class=\"elementor-widget-container\">\n\t\t\t\t\t\t\t\t\t<p style=\"text-align: center;\"><strong><span style=\"font-family: 'inter',serif; color: #444444;\">Conf\u00e9rence internationale sur le Rwanda<\/span><\/strong><\/p>\n<p style=\"text-align: left;\">Think Tank Isooko travaille sur un projet de pr\u00e9paration d\u2019une conf\u00e9rence internationale sur le Rwanda, qui doit r\u00e9unir toutes les forces politiques de changement et la soci\u00e9t\u00e9 civile, pour analyser l\u2019\u00e9tat actuel de la situation socio-politique et envisager un avenir meilleur<\/p>\t\t\t\t\t\t\t\t<\/div>\n\t\t\t\t<\/div>\n\t\t\t\t\t<\/div>\n\t\t\t\t<\/div>\n\t\t<div class=\"elementor-element elementor-element-d9a40f2 e-flex e-con-boxed e-con e-parent\" data-id=\"d9a40f2\" data-element_type=\"container\">\n\t\t\t\t\t<div class=\"e-con-inner\">\n\t\t\t\t<div class=\"elementor-element elementor-element-df840bb elementor-widget elementor-widget-image\" data-id=\"df840bb\" data-element_type=\"widget\" data-widget_type=\"image.default\">\n\t\t\t\t<div class=\"elementor-widget-container\">\n\t\t\t\t\t\t\t\t\t\t\t\t\t\t\t<img fetchpriority=\"high\" decoding=\"async\" width=\"232\" height=\"269\" src=\"https:\/\/thinktankisooko.org\/wp-content\/uploads\/2024\/06\/carte-du-rwanda-th-3.jpeg\" class=\"attachment-medium_large size-medium_large wp-image-1775\" alt=\"\" sizes=\"100vw\" \/>\t\t\t\t\t\t\t\t\t\t\t\t\t\t\t<\/div>\n\t\t\t\t<\/div>\n\t\t\t\t\t<\/div>\n\t\t\t\t<\/div>\n\t\t\t\t<\/div>\n\t\t","protected":false},"excerpt":{"rendered":"<p>Conf\u00e9rence internationale sur le Rwanda Think Tank Isooko travaille sur un projet de pr\u00e9paration d\u2019une conf\u00e9rence internationale sur le Rwanda, qui doit r\u00e9unir toutes les forces politiques de changement et la soci\u00e9t\u00e9 civile, pour analyser l\u2019\u00e9tat actuel de la situation socio-politique et envisager un avenir meilleur<\/p>\n","protected":false},"author":1,"featured_media":162,"parent":0,"menu_order":0,"comment_status":"closed","ping_status":"closed","template":"","meta":{"_crdt_document":"","jetpack_post_was_ever_published":false,"footnotes":""},"class_list":["post-251","page","type-page","status-publish","has-post-thumbnail","hentry"],"jetpack-related-posts":[],"jetpack_sharing_enabled":true,"featured_media_urls":{"thumbnail":["https:\/\/thinktankisooko.org\/wp-content\/uploads\/2024\/06\/Image-Region-des-Grands-Lacs-dAfrique-150x150.png",150,150,true],"medium":["https:\/\/thinktankisooko.org\/wp-content\/uploads\/2024\/06\/Image-Region-des-Grands-Lacs-dAfrique-300x214.png",300,214,true],"medium_large":["https:\/\/thinktankisooko.org\/wp-content\/uploads\/2024\/06\/Image-Region-des-Grands-Lacs-dAfrique.png",504,360,false],"large":["https:\/\/thinktankisooko.org\/wp-content\/uploads\/2024\/06\/Image-Region-des-Grands-Lacs-dAfrique.png",504,360,false],"1536x1536":["https:\/\/thinktankisooko.org\/wp-content\/uploads\/2024\/06\/Image-Region-des-Grands-Lacs-dAfrique.png",504,360,false],"2048x2048":["https:\/\/thinktankisooko.org\/wp-content\/uploads\/2024\/06\/Image-Region-des-Grands-Lacs-dAfrique.png",504,360,false],"inspiro-featured-image":["https:\/\/thinktankisooko.org\/wp-content\/uploads\/2024\/06\/Image-Region-des-Grands-Lacs-dAfrique.png",504,360,false],"inspiro-loop":["https:\/\/thinktankisooko.org\/wp-content\/uploads\/2024\/06\/Image-Region-des-Grands-Lacs-dAfrique-504x320.png",504,320,true],"inspiro-loop@2x":["https:\/\/thinktankisooko.org\/wp-content\/uploads\/2024\/06\/Image-Region-des-Grands-Lacs-dAfrique.png",504,360,false],"woocommerce_thumbnail":["https:\/\/thinktankisooko.org\/wp-content\/uploads\/2024\/06\/Image-Region-des-Grands-Lacs-dAfrique-300x300.png",300,300,true],"woocommerce_single":["https:\/\/thinktankisooko.org\/wp-content\/uploads\/2024\/06\/Image-Region-des-Grands-Lacs-dAfrique.png",504,360,false],"woocommerce_gallery_thumbnail":["https:\/\/thinktankisooko.org\/wp-content\/uploads\/2024\/06\/Image-Region-des-Grands-Lacs-dAfrique-100x100.png",100,100,true],"portfolio_item-thumbnail":["https:\/\/thinktankisooko.org\/wp-content\/uploads\/2024\/06\/Image-Region-des-Grands-Lacs-dAfrique.png",504,360,false],"portfolio_item-thumbnail@2x":["https:\/\/thinktankisooko.org\/wp-content\/uploads\/2024\/06\/Image-Region-des-Grands-Lacs-dAfrique.png",504,360,false],"portfolio_item-masonry":["https:\/\/thinktankisooko.org\/wp-content\/uploads\/2024\/06\/Image-Region-des-Grands-Lacs-dAfrique.png",504,360,false],"portfolio_item-masonry@2x":["https:\/\/thinktankisooko.org\/wp-content\/uploads\/2024\/06\/Image-Region-des-Grands-Lacs-dAfrique.png",504,360,false],"portfolio_item-thumbnail_cinema":["https:\/\/thinktankisooko.org\/wp-content\/uploads\/2024\/06\/Image-Region-des-Grands-Lacs-dAfrique-504x335.png",504,335,true],"portfolio_item-thumbnail_portrait":["https:\/\/thinktankisooko.org\/wp-content\/uploads\/2024\/06\/Image-Region-des-Grands-Lacs-dAfrique.png",504,360,false],"portfolio_item-thumbnail_portrait@2x":["https:\/\/thinktankisooko.org\/wp-content\/uploads\/2024\/06\/Image-Region-des-Grands-Lacs-dAfrique.png",504,360,false],"portfolio_item-thumbnail_square":["https:\/\/thinktankisooko.org\/wp-content\/uploads\/2024\/06\/Image-Region-des-Grands-Lacs-dAfrique.png",504,360,false]},"_links":{"self":[{"href":"https:\/\/thinktankisooko.org\/fr\/wp-json\/wp\/v2\/pages\/251","targetHints":{"allow":["GET"]}}],"collection":[{"href":"https:\/\/thinktankisooko.org\/fr\/wp-json\/wp\/v2\/pages"}],"about":[{"href":"https:\/\/thinktankisooko.org\/fr\/wp-json\/wp\/v2\/types\/page"}],"author":[{"embeddable":true,"href":"https:\/\/thinktankisooko.org\/fr\/wp-json\/wp\/v2\/users\/1"}],"replies":[{"embeddable":true,"href":"https:\/\/thinktankisooko.org\/fr\/wp-json\/wp\/v2\/comments?post=251"}],"version-history":[{"count":35,"href":"https:\/\/thinktankisooko.org\/fr\/wp-json\/wp\/v2\/pages\/251\/revisions"}],"predecessor-version":[{"id":1798,"href":"https:\/\/thinktankisooko.org\/fr\/wp-json\/wp\/v2\/pages\/251\/revisions\/1798"}],"wp:featuredmedia":[{"embeddable":true,"href":"https:\/\/thinktankisooko.org\/fr\/wp-json\/wp\/v2\/media\/162"}],"wp:attachment":[{"href":"https:\/\/thinktankisooko.org\/fr\/wp-json\/wp\/v2\/media?parent=251"}],"curies":[{"name":"wp","href":"https:\/\/api.w.org\/{rel}","templated":true}]}}