{"id":248,"date":"2024-06-07T06:34:40","date_gmt":"2024-06-07T06:34:40","guid":{"rendered":"https:\/\/thinktankisooko.org\/?page_id=248"},"modified":"2025-01-25T07:10:31","modified_gmt":"2025-01-25T07:10:31","slug":"statuts-3","status":"publish","type":"page","link":"https:\/\/thinktankisooko.org\/fr\/statuts-3\/","title":{"rendered":"Statuts"},"content":{"rendered":"\t\t<div data-elementor-type=\"wp-page\" data-elementor-id=\"248\" class=\"elementor elementor-248\" data-elementor-post-type=\"page\">\n\t\t\t\t<div class=\"elementor-element elementor-element-b87a2ab e-flex e-con-boxed e-con e-parent\" data-id=\"b87a2ab\" data-element_type=\"container\">\n\t\t\t\t\t<div class=\"e-con-inner\">\n\t\t\t\t<div class=\"elementor-element elementor-element-ffde379 elementor-widget elementor-widget-text-editor\" data-id=\"ffde379\" data-element_type=\"widget\" data-widget_type=\"text-editor.default\">\n\t\t\t\t<div class=\"elementor-widget-container\">\n\t\t\t\t\t\t\t\t\t<p><strong>Think Tank Isooko est r\u00e9gi par des statuts qui constituent son instrument l\u00e9gal<\/strong><\/p><p><strong>Ils d\u00e9finissent sa structure, ses organes et son fonctionnement<\/strong><\/p>\t\t\t\t\t\t\t\t<\/div>\n\t\t\t\t<\/div>\n\t\t\t\t\t<\/div>\n\t\t\t\t<\/div>\n\t\t<div class=\"elementor-element elementor-element-e69b768 e-flex e-con-boxed e-con e-parent\" data-id=\"e69b768\" data-element_type=\"container\">\n\t\t\t\t\t<div class=\"e-con-inner\">\n\t\t\t\t<div class=\"elementor-element elementor-element-835355c elementor-widget elementor-widget-text-editor\" data-id=\"835355c\" data-element_type=\"widget\" data-widget_type=\"text-editor.default\">\n\t\t\t\t<div class=\"elementor-widget-container\">\n\t\t\t\t\t\t\t\t\t<p><span style=\"font-size: 12pt;\">Pour en savoir plus, t\u00e9l\u00e9charger les statuts de TTI par le lien ci-dessous<\/span><\/p>\t\t\t\t\t\t\t\t<\/div>\n\t\t\t\t<\/div>\n\t\t\t\t\t<\/div>\n\t\t\t\t<\/div>\n\t\t<div class=\"elementor-element elementor-element-b91949c e-flex e-con-boxed e-con e-parent\" data-id=\"b91949c\" data-element_type=\"container\">\n\t\t\t\t\t<div class=\"e-con-inner\">\n\t\t\t\t<div class=\"elementor-element elementor-element-1e5401d elementor-widget elementor-widget-heading\" data-id=\"1e5401d\" data-element_type=\"widget\" data-widget_type=\"heading.default\">\n\t\t\t\t<div class=\"elementor-widget-container\">\n\t\t\t\t\t<h2 class=\"elementor-heading-title elementor-size-default\"><a href=\"https:\/\/thinktankisooko.org\/wp-content\/uploads\/2025\/01\/Statuts-FRA-ENG-KINYA-Amategeko-Shingiro.pdf\" target=\"_blank\">Statuts TTI  - FRANCAIS - ENGLISH(Anglais) - KINYARWANDA<\/a><\/h2>\t\t\t\t<\/div>\n\t\t\t\t<\/div>\n\t\t\t\t\t<\/div>\n\t\t\t\t<\/div>\n\t\t\t\t<\/div>\n\t\t","protected":false},"excerpt":{"rendered":"<p>Think Tank Isooko est r\u00e9gi par des statuts qui constituent son instrument l\u00e9gal Ils d\u00e9finissent sa structure, ses organes et son fonctionnement Pour en savoir plus, t\u00e9l\u00e9charger les statuts de TTI par le lien ci-dessous Statuts TTI &#8211; FRANCAIS &#8211; ENGLISH(Anglais) &#8211; KINYARWANDA<\/p>\n","protected":false},"author":1,"featured_media":156,"parent":0,"menu_order":0,"comment_status":"closed","ping_status":"closed","template":"","meta":{"_crdt_document":"","jetpack_post_was_ever_published":false,"footnotes":""},"class_list":["post-248","page","type-page","status-publish","has-post-thumbnail","hentry"],"jetpack-related-posts":[],"jetpack_sharing_enabled":true,"featured_media_urls":{"thumbnail":["https:\/\/thinktankisooko.org\/wp-content\/uploads\/2024\/06\/Documentation-image-2-150x150.jpg",150,150,true],"medium":["https:\/\/thinktankisooko.org\/wp-content\/uploads\/2024\/06\/Documentation-image-2-300x203.jpg",300,203,true],"medium_large":["https:\/\/thinktankisooko.org\/wp-content\/uploads\/2024\/06\/Documentation-image-2.jpg",605,409,false],"large":["https:\/\/thinktankisooko.org\/wp-content\/uploads\/2024\/06\/Documentation-image-2.jpg",605,409,false],"1536x1536":["https:\/\/thinktankisooko.org\/wp-content\/uploads\/2024\/06\/Documentation-image-2.jpg",605,409,false],"2048x2048":["https:\/\/thinktankisooko.org\/wp-content\/uploads\/2024\/06\/Documentation-image-2.jpg",605,409,false],"inspiro-featured-image":["https:\/\/thinktankisooko.org\/wp-content\/uploads\/2024\/06\/Documentation-image-2.jpg",605,409,false],"inspiro-loop":["https:\/\/thinktankisooko.org\/wp-content\/uploads\/2024\/06\/Documentation-image-2-605x320.jpg",605,320,true],"inspiro-loop@2x":["https:\/\/thinktankisooko.org\/wp-content\/uploads\/2024\/06\/Documentation-image-2.jpg",605,409,false],"woocommerce_thumbnail":["https:\/\/thinktankisooko.org\/wp-content\/uploads\/2024\/06\/Documentation-image-2-300x300.jpg",300,300,true],"woocommerce_single":["https:\/\/thinktankisooko.org\/wp-content\/uploads\/2024\/06\/Documentation-image-2-600x406.jpg",600,406,true],"woocommerce_gallery_thumbnail":["https:\/\/thinktankisooko.org\/wp-content\/uploads\/2024\/06\/Documentation-image-2-100x100.jpg",100,100,true],"portfolio_item-thumbnail":["https:\/\/thinktankisooko.org\/wp-content\/uploads\/2024\/06\/Documentation-image-2-600x400.jpg",600,400,true],"portfolio_item-thumbnail@2x":["https:\/\/thinktankisooko.org\/wp-content\/uploads\/2024\/06\/Documentation-image-2.jpg",605,409,false],"portfolio_item-masonry":["https:\/\/thinktankisooko.org\/wp-content\/uploads\/2024\/06\/Documentation-image-2-600x406.jpg",600,406,true],"portfolio_item-masonry@2x":["https:\/\/thinktankisooko.org\/wp-content\/uploads\/2024\/06\/Documentation-image-2.jpg",605,409,false],"portfolio_item-thumbnail_cinema":["https:\/\/thinktankisooko.org\/wp-content\/uploads\/2024\/06\/Documentation-image-2-605x335.jpg",605,335,true],"portfolio_item-thumbnail_portrait":["https:\/\/thinktankisooko.org\/wp-content\/uploads\/2024\/06\/Documentation-image-2-600x409.jpg",600,409,true],"portfolio_item-thumbnail_portrait@2x":["https:\/\/thinktankisooko.org\/wp-content\/uploads\/2024\/06\/Documentation-image-2.jpg",605,409,false],"portfolio_item-thumbnail_square":["https:\/\/thinktankisooko.org\/wp-content\/uploads\/2024\/06\/Documentation-image-2.jpg",605,409,false]},"_links":{"self":[{"href":"https:\/\/thinktankisooko.org\/fr\/wp-json\/wp\/v2\/pages\/248","targetHints":{"allow":["GET"]}}],"collection":[{"href":"https:\/\/thinktankisooko.org\/fr\/wp-json\/wp\/v2\/pages"}],"about":[{"href":"https:\/\/thinktankisooko.org\/fr\/wp-json\/wp\/v2\/types\/page"}],"author":[{"embeddable":true,"href":"https:\/\/thinktankisooko.org\/fr\/wp-json\/wp\/v2\/users\/1"}],"replies":[{"embeddable":true,"href":"https:\/\/thinktankisooko.org\/fr\/wp-json\/wp\/v2\/comments?post=248"}],"version-history":[{"count":90,"href":"https:\/\/thinktankisooko.org\/fr\/wp-json\/wp\/v2\/pages\/248\/revisions"}],"predecessor-version":[{"id":5829,"href":"https:\/\/thinktankisooko.org\/fr\/wp-json\/wp\/v2\/pages\/248\/revisions\/5829"}],"wp:featuredmedia":[{"embeddable":true,"href":"https:\/\/thinktankisooko.org\/fr\/wp-json\/wp\/v2\/media\/156"}],"wp:attachment":[{"href":"https:\/\/thinktankisooko.org\/fr\/wp-json\/wp\/v2\/media?parent=248"}],"curies":[{"name":"wp","href":"https:\/\/api.w.org\/{rel}","templated":true}]}}