{"id":18,"date":"2024-06-06T15:33:46","date_gmt":"2024-06-06T15:33:46","guid":{"rendered":"https:\/\/thinktankisooko.org\/?page_id=18"},"modified":"2025-01-25T08:36:57","modified_gmt":"2025-01-25T08:36:57","slug":"a-propos-2","status":"publish","type":"page","link":"https:\/\/thinktankisooko.org\/fr\/a-propos-2\/","title":{"rendered":"\u00c0 propos"},"content":{"rendered":"\t\t<div data-elementor-type=\"wp-page\" data-elementor-id=\"18\" class=\"elementor elementor-18\" data-elementor-post-type=\"page\">\n\t\t\t\t<div class=\"elementor-element elementor-element-38c570f e-flex e-con-boxed e-con e-parent\" data-id=\"38c570f\" data-element_type=\"container\">\n\t\t\t\t\t<div class=\"e-con-inner\">\n\t\t<div class=\"elementor-element elementor-element-edec7b8 e-con-full e-flex e-con e-child\" data-id=\"edec7b8\" data-element_type=\"container\">\n\t\t\t\t<div class=\"elementor-element elementor-element-a5ee940 elementor-widget elementor-widget-image\" data-id=\"a5ee940\" data-element_type=\"widget\" data-widget_type=\"image.default\">\n\t\t\t\t<div class=\"elementor-widget-container\">\n\t\t\t\t\t\t\t\t\t\t\t\t\t\t\t<img fetchpriority=\"high\" decoding=\"async\" width=\"300\" height=\"300\" src=\"https:\/\/thinktankisooko.org\/wp-content\/uploads\/2024\/06\/TwitterProfile-300x300.png\" class=\"attachment-medium size-medium wp-image-99\" alt=\"\" srcset=\"https:\/\/thinktankisooko.org\/wp-content\/uploads\/2024\/06\/TwitterProfile-300x300.png 300w, https:\/\/thinktankisooko.org\/wp-content\/uploads\/2024\/06\/TwitterProfile-150x150.png 150w, https:\/\/thinktankisooko.org\/wp-content\/uploads\/2024\/06\/TwitterProfile-100x100.png 100w, https:\/\/thinktankisooko.org\/wp-content\/uploads\/2024\/06\/TwitterProfile.png 400w\" sizes=\"100vw\" \/>\t\t\t\t\t\t\t\t\t\t\t\t\t\t\t<\/div>\n\t\t\t\t<\/div>\n\t\t\t\t<\/div>\n\t\t<div class=\"elementor-element elementor-element-ae48f8f e-con-full e-flex e-con e-child\" data-id=\"ae48f8f\" data-element_type=\"container\">\n\t\t\t\t<div class=\"elementor-element elementor-element-b2828c8 elementor-widget elementor-widget-text-editor\" data-id=\"b2828c8\" data-element_type=\"widget\" data-widget_type=\"text-editor.default\">\n\t\t\t\t<div class=\"elementor-widget-container\">\n\t\t\t\t\t\t\t\t\t<h2 style=\"text-align: center;\"><strong>PRESENTATION<\/strong><\/h2><p>Think Tank Isooko est un groupe d\u2019\u00e9tudes strat\u00e9giques, de r\u00e9flexion, de recommandation et de sensibilisation.<\/p><p>C\u2019est une organisation de soutien \u00e0 la paix et \u00e0 la s\u00e9curit\u00e9 dans la r\u00e9gion des grands lacs d\u2019Afrique.<\/p><p><a href=\"https:\/\/thinktankisooko.org\/wp-content\/uploads\/2024\/06\/Document-de-presentation-TTI-version-francaise.pdf\" target=\"_blank\" rel=\"noopener\">T\u00e9l\u00e9charger la pr\u00e9sentation TTI<\/a><\/p>\t\t\t\t\t\t\t\t<\/div>\n\t\t\t\t<\/div>\n\t\t\t\t<\/div>\n\t\t\t\t\t<\/div>\n\t\t\t\t<\/div>\n\t\t<div class=\"elementor-element elementor-element-afda9c3 e-flex e-con-boxed e-con e-parent\" data-id=\"afda9c3\" data-element_type=\"container\">\n\t\t\t\t\t<div class=\"e-con-inner\">\n\t\t<div class=\"elementor-element elementor-element-e3eced5 e-con-full e-flex e-con e-child\" data-id=\"e3eced5\" data-element_type=\"container\">\n\t\t\t\t<div class=\"elementor-element elementor-element-ea63a49 elementor-widget elementor-widget-image\" data-id=\"ea63a49\" data-element_type=\"widget\" data-widget_type=\"image.default\">\n\t\t\t\t<div class=\"elementor-widget-container\">\n\t\t\t\t\t\t\t\t\t\t\t\t\t\t\t<img decoding=\"async\" width=\"950\" height=\"420\" src=\"https:\/\/thinktankisooko.org\/wp-content\/uploads\/2024\/06\/banner2-1-1024x453.png\" class=\"attachment-large size-large wp-image-1190\" alt=\"\" srcset=\"https:\/\/thinktankisooko.org\/wp-content\/uploads\/2024\/06\/banner2-1-1024x453.png 1024w, https:\/\/thinktankisooko.org\/wp-content\/uploads\/2024\/06\/banner2-1-300x133.png 300w, https:\/\/thinktankisooko.org\/wp-content\/uploads\/2024\/06\/banner2-1-1536x680.png 1536w, https:\/\/thinktankisooko.org\/wp-content\/uploads\/2024\/06\/banner2-1-600x266.png 600w, https:\/\/thinktankisooko.org\/wp-content\/uploads\/2024\/06\/banner2-1-1200x531.png 1200w, https:\/\/thinktankisooko.org\/wp-content\/uploads\/2024\/06\/banner2-1.png 1920w\" sizes=\"100vw\" \/>\t\t\t\t\t\t\t\t\t\t\t\t\t\t\t<\/div>\n\t\t\t\t<\/div>\n\t\t\t\t<\/div>\n\t\t<div class=\"elementor-element elementor-element-ae1e89c e-con-full e-flex e-con e-child\" data-id=\"ae1e89c\" data-element_type=\"container\">\n\t\t\t\t<div class=\"elementor-element elementor-element-32ab9f8 elementor-widget elementor-widget-text-editor\" data-id=\"32ab9f8\" data-element_type=\"widget\" data-widget_type=\"text-editor.default\">\n\t\t\t\t<div class=\"elementor-widget-container\">\n\t\t\t\t\t\t\t\t\t<h2 style=\"text-align: center;\"><strong>STATUTS<\/strong><\/h2><p>Think Tank Isooko est r\u00e9gi par des statuts qui constituent son instrument l\u00e9gal.<\/p><p>Ils d\u00e9finissent sa structure, ses organes et son fonctionnement.<\/p><p><a href=\"https:\/\/thinktankisooko.org\/wp-content\/uploads\/2025\/01\/Statuts-FRA-ENG-KINYA-Amategeko-Shingiro.pdf\" target=\"_blank\" rel=\"noopener\">Statuts &#8211; FRANCAIS &#8211; ENGLISH(Anglais) &#8211; KINYARWANDA<\/a><\/p>\t\t\t\t\t\t\t\t<\/div>\n\t\t\t\t<\/div>\n\t\t\t\t<\/div>\n\t\t\t\t\t<\/div>\n\t\t\t\t<\/div>\n\t\t<div class=\"elementor-element elementor-element-f4a8ce6 e-flex e-con-boxed e-con e-parent\" data-id=\"f4a8ce6\" data-element_type=\"container\">\n\t\t\t\t\t<div class=\"e-con-inner\">\n\t\t<div class=\"elementor-element elementor-element-39705de e-con-full e-flex e-con e-child\" data-id=\"39705de\" data-element_type=\"container\">\n\t\t\t\t<div class=\"elementor-element elementor-element-9970744 elementor-widget__width-initial elementor-widget elementor-widget-text-editor\" data-id=\"9970744\" data-element_type=\"widget\" data-widget_type=\"text-editor.default\">\n\t\t\t\t<div class=\"elementor-widget-container\">\n\t\t\t\t\t\t\t\t\t<h2 style=\"text-align: center;\"><strong>REGLEMENT INTERIEUR<\/strong><\/h2><p>Think Tank Isooko s\u2019est aussi dot\u00e9 d\u2019un r\u00e8glement d\u2019ordre int\u00e9rieur (ROI) qui d\u00e9finit en d\u00e9tails les cat\u00e9gories des membres, leurs droits et obligations, le fonctionnement des organes et les attributions des dirigeants.<\/p><p style=\"text-align: center;\"><a href=\"https:\/\/thinktankisooko.org\/wp-content\/uploads\/2025\/01\/ROI-FRA-ENG-KINYA-Amahame-Ngengamikorere-1.pdf\" target=\"_blank\" rel=\"noopener\">R\u00e9gl\u00e8ment Int\u00e9rieur\u00a0 (Fran\u00e7ais &#8211; English(Anglais) &#8211; Kinyarwanda)<\/a><\/p>\t\t\t\t\t\t\t\t<\/div>\n\t\t\t\t<\/div>\n\t\t\t\t<\/div>\n\t\t<div class=\"elementor-element elementor-element-4e356f0 e-con-full e-flex e-con e-child\" data-id=\"4e356f0\" data-element_type=\"container\">\n\t\t\t\t<div class=\"elementor-element elementor-element-f23479e elementor-widget elementor-widget-image\" data-id=\"f23479e\" data-element_type=\"widget\" data-widget_type=\"image.default\">\n\t\t\t\t<div class=\"elementor-widget-container\">\n\t\t\t\t\t\t\t\t\t\t\t\t\t\t\t<img decoding=\"async\" width=\"380\" height=\"251\" src=\"https:\/\/thinktankisooko.org\/wp-content\/uploads\/2024\/06\/Think-Tank-image-2.jpg\" class=\"attachment-large size-large wp-image-172\" alt=\"\" srcset=\"https:\/\/thinktankisooko.org\/wp-content\/uploads\/2024\/06\/Think-Tank-image-2.jpg 380w, https:\/\/thinktankisooko.org\/wp-content\/uploads\/2024\/06\/Think-Tank-image-2-300x198.jpg 300w\" sizes=\"100vw\" \/>\t\t\t\t\t\t\t\t\t\t\t\t\t\t\t<\/div>\n\t\t\t\t<\/div>\n\t\t\t\t<\/div>\n\t\t<div class=\"elementor-element elementor-element-fdf9071 e-con-full e-flex e-con e-child\" data-id=\"fdf9071\" data-element_type=\"container\">\n\t\t\t\t<div class=\"elementor-element elementor-element-e3963d2 elementor-widget elementor-widget-text-editor\" data-id=\"e3963d2\" data-element_type=\"widget\" data-widget_type=\"text-editor.default\">\n\t\t\t\t<div class=\"elementor-widget-container\">\n\t\t\t\t\t\t\t\t\t<h2 style=\"text-align: center;\"><strong>LES ORGANES<\/strong><\/h2><p>Pour r\u00e9aliser sa mission et atteindre ses objectifs, l&rsquo;Organisation Think Tank Isooko a cr\u00e9\u00e9 des organes appropri\u00e9s<\/p><ol style=\"list-style-type: lower-alpha;\"><li>Assembl\u00e9e G\u00e9n\u00e9rale<\/li><li>Conseil d&rsquo;Administration<\/li><li>Bureau Ex\u00e9cutif<\/li><li>Bureaux r\u00e9gionaux<\/li><li>Comit\u00e9s sp\u00e9cialis\u00e9s<\/li><li>Diverses Commissions<\/li><\/ol><p>Pour en prendre connaissance en d\u00e9tail, veuillez suivre le lien ci-dessous<\/p><p style=\"text-align: center;\"><a href=\"https:\/\/thinktankisooko.org\/wp-content\/uploads\/2024\/06\/Organes-de-Think-Tank-Isooko-.pdf\" target=\"_blank\" rel=\"noopener\">Voir nos organes<\/a><\/p>\t\t\t\t\t\t\t\t<\/div>\n\t\t\t\t<\/div>\n\t\t\t\t<\/div>\n\t\t\t\t\t<\/div>\n\t\t\t\t<\/div>\n\t\t\t\t<\/div>\n\t\t","protected":false},"excerpt":{"rendered":"<p>PRESENTATION Think Tank Isooko est un groupe d\u2019\u00e9tudes strat\u00e9giques, de r\u00e9flexion, de recommandation et de sensibilisation. C\u2019est une organisation de soutien \u00e0 la paix et \u00e0 la s\u00e9curit\u00e9 dans la r\u00e9gion des grands lacs d\u2019Afrique. T\u00e9l\u00e9charger la pr\u00e9sentation TTI STATUTS Think Tank Isooko est r\u00e9gi par des statuts qui constituent son instrument l\u00e9gal. Ils d\u00e9finissent &hellip; <\/p>\n<p class=\"link-more\"><a href=\"https:\/\/thinktankisooko.org\/fr\/a-propos-2\/\" class=\"more-link\">Lire la suite de<span class=\"screen-reader-text\">\u00ab\u00a0\u00c0 propos\u00a0\u00bb<\/span><\/a><\/p>\n","protected":false},"author":1,"featured_media":164,"parent":0,"menu_order":0,"comment_status":"closed","ping_status":"closed","template":"","meta":{"_crdt_document":"","jetpack_post_was_ever_published":false,"footnotes":""},"class_list":["post-18","page","type-page","status-publish","has-post-thumbnail","hentry"],"jetpack-related-posts":[],"jetpack_sharing_enabled":true,"featured_media_urls":{"thumbnail":["https:\/\/thinktankisooko.org\/wp-content\/uploads\/2024\/06\/Photo-paysage-UN-150x150.jpg",150,150,true],"medium":["https:\/\/thinktankisooko.org\/wp-content\/uploads\/2024\/06\/Photo-paysage-UN-300x138.jpg",300,138,true],"medium_large":["https:\/\/thinktankisooko.org\/wp-content\/uploads\/2024\/06\/Photo-paysage-UN.jpg",768,353,false],"large":["https:\/\/thinktankisooko.org\/wp-content\/uploads\/2024\/06\/Photo-paysage-UN.jpg",774,356,false],"1536x1536":["https:\/\/thinktankisooko.org\/wp-content\/uploads\/2024\/06\/Photo-paysage-UN.jpg",774,356,false],"2048x2048":["https:\/\/thinktankisooko.org\/wp-content\/uploads\/2024\/06\/Photo-paysage-UN.jpg",774,356,false],"inspiro-featured-image":["https:\/\/thinktankisooko.org\/wp-content\/uploads\/2024\/06\/Photo-paysage-UN.jpg",774,356,false],"inspiro-loop":["https:\/\/thinktankisooko.org\/wp-content\/uploads\/2024\/06\/Photo-paysage-UN-774x320.jpg",774,320,true],"inspiro-loop@2x":["https:\/\/thinktankisooko.org\/wp-content\/uploads\/2024\/06\/Photo-paysage-UN.jpg",774,356,false],"woocommerce_thumbnail":["https:\/\/thinktankisooko.org\/wp-content\/uploads\/2024\/06\/Photo-paysage-UN-300x300.jpg",300,300,true],"woocommerce_single":["https:\/\/thinktankisooko.org\/wp-content\/uploads\/2024\/06\/Photo-paysage-UN-600x276.jpg",600,276,true],"woocommerce_gallery_thumbnail":["https:\/\/thinktankisooko.org\/wp-content\/uploads\/2024\/06\/Photo-paysage-UN-100x100.jpg",100,100,true],"portfolio_item-thumbnail":["https:\/\/thinktankisooko.org\/wp-content\/uploads\/2024\/06\/Photo-paysage-UN-600x356.jpg",600,356,true],"portfolio_item-thumbnail@2x":["https:\/\/thinktankisooko.org\/wp-content\/uploads\/2024\/06\/Photo-paysage-UN.jpg",774,356,false],"portfolio_item-masonry":["https:\/\/thinktankisooko.org\/wp-content\/uploads\/2024\/06\/Photo-paysage-UN-600x276.jpg",600,276,true],"portfolio_item-masonry@2x":["https:\/\/thinktankisooko.org\/wp-content\/uploads\/2024\/06\/Photo-paysage-UN.jpg",774,356,false],"portfolio_item-thumbnail_cinema":["https:\/\/thinktankisooko.org\/wp-content\/uploads\/2024\/06\/Photo-paysage-UN-774x335.jpg",774,335,true],"portfolio_item-thumbnail_portrait":["https:\/\/thinktankisooko.org\/wp-content\/uploads\/2024\/06\/Photo-paysage-UN-600x356.jpg",600,356,true],"portfolio_item-thumbnail_portrait@2x":["https:\/\/thinktankisooko.org\/wp-content\/uploads\/2024\/06\/Photo-paysage-UN.jpg",774,356,false],"portfolio_item-thumbnail_square":["https:\/\/thinktankisooko.org\/wp-content\/uploads\/2024\/06\/Photo-paysage-UN.jpg",774,356,false]},"_links":{"self":[{"href":"https:\/\/thinktankisooko.org\/fr\/wp-json\/wp\/v2\/pages\/18","targetHints":{"allow":["GET"]}}],"collection":[{"href":"https:\/\/thinktankisooko.org\/fr\/wp-json\/wp\/v2\/pages"}],"about":[{"href":"https:\/\/thinktankisooko.org\/fr\/wp-json\/wp\/v2\/types\/page"}],"author":[{"embeddable":true,"href":"https:\/\/thinktankisooko.org\/fr\/wp-json\/wp\/v2\/users\/1"}],"replies":[{"embeddable":true,"href":"https:\/\/thinktankisooko.org\/fr\/wp-json\/wp\/v2\/comments?post=18"}],"version-history":[{"count":139,"href":"https:\/\/thinktankisooko.org\/fr\/wp-json\/wp\/v2\/pages\/18\/revisions"}],"predecessor-version":[{"id":5905,"href":"https:\/\/thinktankisooko.org\/fr\/wp-json\/wp\/v2\/pages\/18\/revisions\/5905"}],"wp:featuredmedia":[{"embeddable":true,"href":"https:\/\/thinktankisooko.org\/fr\/wp-json\/wp\/v2\/media\/164"}],"wp:attachment":[{"href":"https:\/\/thinktankisooko.org\/fr\/wp-json\/wp\/v2\/media?parent=18"}],"curies":[{"name":"wp","href":"https:\/\/api.w.org\/{rel}","templated":true}]}}