{"id":1594,"date":"2024-06-18T13:43:19","date_gmt":"2024-06-18T13:43:19","guid":{"rendered":"https:\/\/thinktankisooko.org\/presentation-copy\/"},"modified":"2025-01-24T21:13:26","modified_gmt":"2025-01-24T21:13:26","slug":"presentation-copy","status":"publish","type":"page","link":"https:\/\/thinktankisooko.org\/fr\/presentation-copy\/","title":{"rendered":"Pr\u00e9sentation TTI"},"content":{"rendered":"\t\t<div data-elementor-type=\"wp-page\" data-elementor-id=\"1594\" class=\"elementor elementor-1594\" data-elementor-post-type=\"page\">\n\t\t\t\t<div class=\"elementor-element elementor-element-41ab622 e-flex e-con-boxed e-con e-parent\" data-id=\"41ab622\" data-element_type=\"container\">\n\t\t\t\t\t<div class=\"e-con-inner\">\n\t\t\t\t<div class=\"elementor-element elementor-element-77f87ab elementor-widget elementor-widget-text-editor\" data-id=\"77f87ab\" data-element_type=\"widget\" data-widget_type=\"text-editor.default\">\n\t\t\t\t<div class=\"elementor-widget-container\">\n\t\t\t\t\t\t\t\t\t<p><strong>Think Tank Isooko est un groupe d\u2019\u00e9tudes strat\u00e9giques, de r\u00e9flexion, de recommandation et de sensibilisation.<\/strong><\/p><p><strong>C\u2019est une organisation de soutien \u00e0 la paix et \u00e0 la s\u00e9curit\u00e9 dans la r\u00e9gion des grands lacs d\u2019Afrique.<\/strong><\/p>\t\t\t\t\t\t\t\t<\/div>\n\t\t\t\t<\/div>\n\t\t\t\t\t<\/div>\n\t\t\t\t<\/div>\n\t\t<div class=\"elementor-element elementor-element-5b6807d e-flex e-con-boxed e-con e-parent\" data-id=\"5b6807d\" data-element_type=\"container\">\n\t\t\t\t\t<div class=\"e-con-inner\">\n\t\t\t\t<div class=\"elementor-element elementor-element-67b821d elementor-widget elementor-widget-heading\" data-id=\"67b821d\" data-element_type=\"widget\" data-widget_type=\"heading.default\">\n\t\t\t\t<div class=\"elementor-widget-container\">\n\t\t\t\t\t<h2 class=\"elementor-heading-title elementor-size-default\"><a href=\"https:\/\/thinktankisooko.org\/wp-content\/uploads\/2024\/06\/Document-de-presentation-TTI-version-francaise.pdf\" target=\"_blank\">T\u00e9l\u00e9charger la pr\u00e9sentation TTI<\/a><\/h2>\t\t\t\t<\/div>\n\t\t\t\t<\/div>\n\t\t\t\t\t<\/div>\n\t\t\t\t<\/div>\n\t\t\t\t<\/div>\n\t\t","protected":false},"excerpt":{"rendered":"<p>Think Tank Isooko est un groupe d\u2019\u00e9tudes strat\u00e9giques, de r\u00e9flexion, de recommandation et de sensibilisation. C\u2019est une organisation de soutien \u00e0 la paix et \u00e0 la s\u00e9curit\u00e9 dans la r\u00e9gion des grands lacs d\u2019Afrique. T\u00e9l\u00e9charger la pr\u00e9sentation TTI<\/p>\n","protected":false},"author":1,"featured_media":1240,"parent":0,"menu_order":0,"comment_status":"closed","ping_status":"closed","template":"","meta":{"_crdt_document":"","jetpack_post_was_ever_published":false,"footnotes":""},"class_list":["post-1594","page","type-page","status-publish","has-post-thumbnail","hentry"],"jetpack-related-posts":[],"jetpack_sharing_enabled":true,"featured_media_urls":{"thumbnail":["https:\/\/thinktankisooko.org\/wp-content\/uploads\/2024\/06\/autoroute-verdure-StockSnap_JKMGVEJMPU-150x150.jpg",150,150,true],"medium":["https:\/\/thinktankisooko.org\/wp-content\/uploads\/2024\/06\/autoroute-verdure-StockSnap_JKMGVEJMPU-300x225.jpg",300,225,true],"medium_large":["https:\/\/thinktankisooko.org\/wp-content\/uploads\/2024\/06\/autoroute-verdure-StockSnap_JKMGVEJMPU.jpg",768,576,false],"large":["https:\/\/thinktankisooko.org\/wp-content\/uploads\/2024\/06\/autoroute-verdure-StockSnap_JKMGVEJMPU-1024x767.jpg",950,712,true],"1536x1536":["https:\/\/thinktankisooko.org\/wp-content\/uploads\/2024\/06\/autoroute-verdure-StockSnap_JKMGVEJMPU-1536x1151.jpg",1536,1151,true],"2048x2048":["https:\/\/thinktankisooko.org\/wp-content\/uploads\/2024\/06\/autoroute-verdure-StockSnap_JKMGVEJMPU.jpg",1600,1199,false],"inspiro-featured-image":["https:\/\/thinktankisooko.org\/wp-content\/uploads\/2024\/06\/autoroute-verdure-StockSnap_JKMGVEJMPU.jpg",1600,1199,false],"inspiro-loop":["https:\/\/thinktankisooko.org\/wp-content\/uploads\/2024\/06\/autoroute-verdure-StockSnap_JKMGVEJMPU-950x320.jpg",950,320,true],"inspiro-loop@2x":["https:\/\/thinktankisooko.org\/wp-content\/uploads\/2024\/06\/autoroute-verdure-StockSnap_JKMGVEJMPU-1600x640.jpg",1600,640,true],"woocommerce_thumbnail":["https:\/\/thinktankisooko.org\/wp-content\/uploads\/2024\/06\/autoroute-verdure-StockSnap_JKMGVEJMPU-300x300.jpg",300,300,true],"woocommerce_single":["https:\/\/thinktankisooko.org\/wp-content\/uploads\/2024\/06\/autoroute-verdure-StockSnap_JKMGVEJMPU-600x450.jpg",600,450,true],"woocommerce_gallery_thumbnail":["https:\/\/thinktankisooko.org\/wp-content\/uploads\/2024\/06\/autoroute-verdure-StockSnap_JKMGVEJMPU-100x100.jpg",100,100,true],"portfolio_item-thumbnail":["https:\/\/thinktankisooko.org\/wp-content\/uploads\/2024\/06\/autoroute-verdure-StockSnap_JKMGVEJMPU-600x400.jpg",600,400,true],"portfolio_item-thumbnail@2x":["https:\/\/thinktankisooko.org\/wp-content\/uploads\/2024\/06\/autoroute-verdure-StockSnap_JKMGVEJMPU-1200x800.jpg",1200,800,true],"portfolio_item-masonry":["https:\/\/thinktankisooko.org\/wp-content\/uploads\/2024\/06\/autoroute-verdure-StockSnap_JKMGVEJMPU-600x450.jpg",600,450,true],"portfolio_item-masonry@2x":["https:\/\/thinktankisooko.org\/wp-content\/uploads\/2024\/06\/autoroute-verdure-StockSnap_JKMGVEJMPU-1200x899.jpg",1200,899,true],"portfolio_item-thumbnail_cinema":["https:\/\/thinktankisooko.org\/wp-content\/uploads\/2024\/06\/autoroute-verdure-StockSnap_JKMGVEJMPU-800x335.jpg",800,335,true],"portfolio_item-thumbnail_portrait":["https:\/\/thinktankisooko.org\/wp-content\/uploads\/2024\/06\/autoroute-verdure-StockSnap_JKMGVEJMPU-600x900.jpg",600,900,true],"portfolio_item-thumbnail_portrait@2x":["https:\/\/thinktankisooko.org\/wp-content\/uploads\/2024\/06\/autoroute-verdure-StockSnap_JKMGVEJMPU-1200x1199.jpg",1200,1199,true],"portfolio_item-thumbnail_square":["https:\/\/thinktankisooko.org\/wp-content\/uploads\/2024\/06\/autoroute-verdure-StockSnap_JKMGVEJMPU-800x800.jpg",800,800,true]},"_links":{"self":[{"href":"https:\/\/thinktankisooko.org\/fr\/wp-json\/wp\/v2\/pages\/1594","targetHints":{"allow":["GET"]}}],"collection":[{"href":"https:\/\/thinktankisooko.org\/fr\/wp-json\/wp\/v2\/pages"}],"about":[{"href":"https:\/\/thinktankisooko.org\/fr\/wp-json\/wp\/v2\/types\/page"}],"author":[{"embeddable":true,"href":"https:\/\/thinktankisooko.org\/fr\/wp-json\/wp\/v2\/users\/1"}],"replies":[{"embeddable":true,"href":"https:\/\/thinktankisooko.org\/fr\/wp-json\/wp\/v2\/comments?post=1594"}],"version-history":[{"count":26,"href":"https:\/\/thinktankisooko.org\/fr\/wp-json\/wp\/v2\/pages\/1594\/revisions"}],"predecessor-version":[{"id":5756,"href":"https:\/\/thinktankisooko.org\/fr\/wp-json\/wp\/v2\/pages\/1594\/revisions\/5756"}],"wp:featuredmedia":[{"embeddable":true,"href":"https:\/\/thinktankisooko.org\/fr\/wp-json\/wp\/v2\/media\/1240"}],"wp:attachment":[{"href":"https:\/\/thinktankisooko.org\/fr\/wp-json\/wp\/v2\/media?parent=1594"}],"curies":[{"name":"wp","href":"https:\/\/api.w.org\/{rel}","templated":true}]}}