{"id":1394,"date":"2024-06-17T19:07:09","date_gmt":"2024-06-17T19:07:09","guid":{"rendered":"https:\/\/thinktankisooko.org\/accueil-copy-copy\/"},"modified":"2024-07-05T15:46:28","modified_gmt":"2024-07-05T15:46:28","slug":"accueil-copy-copy","status":"publish","type":"page","link":"https:\/\/thinktankisooko.org\/fr\/","title":{"rendered":"Accueil"},"content":{"rendered":"\t\t<div data-elementor-type=\"wp-page\" data-elementor-id=\"1394\" class=\"elementor elementor-1394\" data-elementor-post-type=\"page\">\n\t\t\t\t<div class=\"elementor-element elementor-element-7372194 e-flex e-con-boxed e-con e-parent\" data-id=\"7372194\" data-element_type=\"container\">\n\t\t\t\t\t<div class=\"e-con-inner\">\n\t\t<div class=\"elementor-element elementor-element-b243fb1 e-con-full e-flex e-con e-child\" data-id=\"b243fb1\" data-element_type=\"container\">\n\t\t\t\t<div class=\"elementor-element elementor-element-96cf143 elementor-widget__width-inherit elementor-widget elementor-widget-image\" data-id=\"96cf143\" data-element_type=\"widget\" data-widget_type=\"image.default\">\n\t\t\t\t<div class=\"elementor-widget-container\">\n\t\t\t\t\t\t\t\t\t\t\t\t\t\t\t<img fetchpriority=\"high\" decoding=\"async\" width=\"768\" height=\"524\" src=\"https:\/\/thinktankisooko.org\/wp-content\/uploads\/2024\/06\/400JpgdpiLogoCropped.jpg\" class=\"attachment-medium_large size-medium_large wp-image-78\" alt=\"\" srcset=\"https:\/\/thinktankisooko.org\/wp-content\/uploads\/2024\/06\/400JpgdpiLogoCropped.jpg 2175w, https:\/\/thinktankisooko.org\/wp-content\/uploads\/2024\/06\/400JpgdpiLogoCropped-300x205.jpg 300w, https:\/\/thinktankisooko.org\/wp-content\/uploads\/2024\/06\/400JpgdpiLogoCropped-1024x698.jpg 1024w, https:\/\/thinktankisooko.org\/wp-content\/uploads\/2024\/06\/400JpgdpiLogoCropped-2000x1364.jpg 2000w, https:\/\/thinktankisooko.org\/wp-content\/uploads\/2024\/06\/400JpgdpiLogoCropped-1536x1047.jpg 1536w, https:\/\/thinktankisooko.org\/wp-content\/uploads\/2024\/06\/400JpgdpiLogoCropped-2048x1396.jpg 2048w, https:\/\/thinktankisooko.org\/wp-content\/uploads\/2024\/06\/400JpgdpiLogoCropped-600x409.jpg 600w, https:\/\/thinktankisooko.org\/wp-content\/uploads\/2024\/06\/400JpgdpiLogoCropped-1200x818.jpg 1200w\" sizes=\"100vw\" \/>\t\t\t\t\t\t\t\t\t\t\t\t\t\t\t<\/div>\n\t\t\t\t<\/div>\n\t\t\t\t<\/div>\n\t\t<div class=\"elementor-element elementor-element-b79626e e-con-full e-flex e-con e-child\" data-id=\"b79626e\" data-element_type=\"container\">\n\t\t\t\t<div class=\"elementor-element elementor-element-d4daf25 elementor-widget elementor-widget-text-editor\" data-id=\"d4daf25\" data-element_type=\"widget\" data-widget_type=\"text-editor.default\">\n\t\t\t\t<div class=\"elementor-widget-container\">\n\t\t\t\t\t\t\t\t\t<h2><strong>THINK TANK ISOOKO<\/strong><\/h2><p>Think Tank Isooko pour une r\u00e9gion des grands lacs d\u2019Afrique paisible, s\u00e9curitaire et prosp\u00e8re. Think Tank Isooko est un groupe d\u2019\u00e9tudes strat\u00e9giques, de r\u00e9flexion, de recommandation et de sensibilisation. C\u2019est une organisation internationale neutre et ind\u00e9pendante, de soutien \u00e0 la paix et \u00e0 la s\u00e9curit\u00e9 dans la r\u00e9gion des grands lacs d\u2019Afrique. Un forum d\u2019\u00e9changes et d\u2019ouverture aux diff\u00e9rentes cat\u00e9gories de personnes et aux experts de divers domaines interagissant dans un esprit de tol\u00e9rance et de rigueur intellectuelle<\/p>\t\t\t\t\t\t\t\t<\/div>\n\t\t\t\t<\/div>\n\t\t\t\t<\/div>\n\t\t\t\t\t<\/div>\n\t\t\t\t<\/div>\n\t\t<div class=\"elementor-element elementor-element-d4f0928 e-flex e-con-boxed e-con e-parent\" data-id=\"d4f0928\" data-element_type=\"container\">\n\t\t\t\t\t<div class=\"e-con-inner\">\n\t\t<div class=\"elementor-element elementor-element-ed9e199 e-con-full e-flex e-con e-child\" data-id=\"ed9e199\" data-element_type=\"container\">\n\t\t\t\t<div class=\"elementor-element elementor-element-5c29086 elementor-widget elementor-widget-text-editor\" data-id=\"5c29086\" data-element_type=\"widget\" data-widget_type=\"text-editor.default\">\n\t\t\t\t<div class=\"elementor-widget-container\">\n\t\t\t\t\t\t\t\t\t<h2 style=\"text-align: center;\"><strong>NOS PARTICULARIT\u00c9S<\/strong><\/h2><p>Think Tank Isooko n\u2019est pas une organisation politique qui aspire \u00e0 conqu\u00e9rir le pouvoir.\u00a0Think Tank Isooko n\u2019est pas non plus une organisation ou une association qui fait promotion ou la d\u00e9fense d\u2019une cause particuli\u00e8re.<\/p><p>C\u2019est plut\u00f4t une organisation qui tient sur sa neutralit\u00e9, son ind\u00e9pendance et sa rigueur dans les analyses des probl\u00e8mes qui sont \u00e0 l\u2019origine de l\u2019ins\u00e9curit\u00e9 dans la r\u00e9gion des grands lacs d\u2019Afrique et l\u2019\u00e9laboration des pistes de solutions.<\/p><p>Think Tank Isooko, par ses recherches et analyses se pr\u00e9sente enfin comme une organisation de soutien aux partis politiques, \u00e0 la soci\u00e9t\u00e9 civile et aux d\u00e9cideurs gouvernementaux et internationaux.<\/p>\t\t\t\t\t\t\t\t<\/div>\n\t\t\t\t<\/div>\n\t\t\t\t<\/div>\n\t\t<div class=\"elementor-element elementor-element-dbe793c e-con-full e-flex e-con e-child\" data-id=\"dbe793c\" data-element_type=\"container\">\n\t\t\t\t<div class=\"elementor-element elementor-element-8ca68ea elementor-widget__width-inherit elementor-widget elementor-widget-image\" data-id=\"8ca68ea\" data-element_type=\"widget\" data-widget_type=\"image.default\">\n\t\t\t\t<div class=\"elementor-widget-container\">\n\t\t\t\t\t\t\t\t\t\t\t\t\t\t\t<img decoding=\"async\" width=\"768\" height=\"576\" src=\"https:\/\/thinktankisooko.org\/wp-content\/uploads\/2024\/06\/autoroute-verdure-StockSnap_JKMGVEJMPU.jpg\" class=\"attachment-medium_large size-medium_large wp-image-1240\" alt=\"\" srcset=\"https:\/\/thinktankisooko.org\/wp-content\/uploads\/2024\/06\/autoroute-verdure-StockSnap_JKMGVEJMPU.jpg 1600w, https:\/\/thinktankisooko.org\/wp-content\/uploads\/2024\/06\/autoroute-verdure-StockSnap_JKMGVEJMPU-300x225.jpg 300w, https:\/\/thinktankisooko.org\/wp-content\/uploads\/2024\/06\/autoroute-verdure-StockSnap_JKMGVEJMPU-1024x767.jpg 1024w, https:\/\/thinktankisooko.org\/wp-content\/uploads\/2024\/06\/autoroute-verdure-StockSnap_JKMGVEJMPU-1536x1151.jpg 1536w, https:\/\/thinktankisooko.org\/wp-content\/uploads\/2024\/06\/autoroute-verdure-StockSnap_JKMGVEJMPU-600x450.jpg 600w, https:\/\/thinktankisooko.org\/wp-content\/uploads\/2024\/06\/autoroute-verdure-StockSnap_JKMGVEJMPU-1200x899.jpg 1200w\" sizes=\"100vw\" \/>\t\t\t\t\t\t\t\t\t\t\t\t\t\t\t<\/div>\n\t\t\t\t<\/div>\n\t\t\t\t<\/div>\n\t\t\t\t\t<\/div>\n\t\t\t\t<\/div>\n\t\t<div class=\"elementor-element elementor-element-fbd00ac e-flex e-con-boxed e-con e-parent\" data-id=\"fbd00ac\" data-element_type=\"container\">\n\t\t\t\t\t<div class=\"e-con-inner\">\n\t\t<div class=\"elementor-element elementor-element-41b64da e-con-full e-flex e-con e-child\" data-id=\"41b64da\" data-element_type=\"container\">\n\t\t\t\t<div class=\"elementor-element elementor-element-5cce5e0 elementor-widget elementor-widget-text-editor\" data-id=\"5cce5e0\" data-element_type=\"widget\" data-widget_type=\"text-editor.default\">\n\t\t\t\t<div class=\"elementor-widget-container\">\n\t\t\t\t\t\t\t\t\t<h2 style=\"text-align: center;\"><strong>NOTRE VISION<\/strong><\/h2><p>Devenir un groupe de r\u00e9flexions strat\u00e9giques de r\u00e9f\u00e9rence dans la recherche des solutions aux probl\u00e8mes socio-\u00e9conomiques et s\u00e9curitaires dans la r\u00e9gion des grands lacs d\u2019Afrique.<\/p>\t\t\t\t\t\t\t\t<\/div>\n\t\t\t\t<\/div>\n\t\t\t\t<\/div>\n\t\t<div class=\"elementor-element elementor-element-fc177c8 e-con-full e-flex e-con e-child\" data-id=\"fc177c8\" data-element_type=\"container\">\n\t\t\t\t<div class=\"elementor-element elementor-element-c7d2c03 elementor-widget elementor-widget-image\" data-id=\"c7d2c03\" data-element_type=\"widget\" data-widget_type=\"image.default\">\n\t\t\t\t<div class=\"elementor-widget-container\">\n\t\t\t\t\t\t\t\t\t\t\t\t\t\t\t<img decoding=\"async\" width=\"323\" height=\"184\" src=\"https:\/\/thinktankisooko.org\/wp-content\/uploads\/2024\/06\/vision-mission-OIP.jpeg\" class=\"attachment-medium_large size-medium_large wp-image-1251\" alt=\"\" srcset=\"https:\/\/thinktankisooko.org\/wp-content\/uploads\/2024\/06\/vision-mission-OIP.jpeg 323w, https:\/\/thinktankisooko.org\/wp-content\/uploads\/2024\/06\/vision-mission-OIP-300x171.jpeg 300w\" sizes=\"100vw\" \/>\t\t\t\t\t\t\t\t\t\t\t\t\t\t\t<\/div>\n\t\t\t\t<\/div>\n\t\t\t\t<\/div>\n\t\t<div class=\"elementor-element elementor-element-bc7f420 e-con-full e-flex e-con e-child\" data-id=\"bc7f420\" data-element_type=\"container\">\n\t\t\t\t<div class=\"elementor-element elementor-element-ce1b471 elementor-widget elementor-widget-text-editor\" data-id=\"ce1b471\" data-element_type=\"widget\" data-widget_type=\"text-editor.default\">\n\t\t\t\t<div class=\"elementor-widget-container\">\n\t\t\t\t\t\t\t\t\t<h2 style=\"text-align: center;\"><strong>NOTRE MISSION<\/strong><\/h2><p>Stimuler et d\u2019encourager les valeurs d\u00e9mocratiques inclusives instaurant et respectant les droits fondamentaux et libert\u00e9s humaines, la pr\u00e9servation de la paix et la s\u00e9curit\u00e9 dans la r\u00e9gion des grands lacs d\u2019Afrique.<\/p>\t\t\t\t\t\t\t\t<\/div>\n\t\t\t\t<\/div>\n\t\t\t\t<\/div>\n\t\t\t\t\t<\/div>\n\t\t\t\t<\/div>\n\t\t<div class=\"elementor-element elementor-element-8aac74f e-flex e-con-boxed e-con e-parent\" data-id=\"8aac74f\" data-element_type=\"container\">\n\t\t\t\t\t<div class=\"e-con-inner\">\n\t\t\t\t<div class=\"elementor-element elementor-element-a88b89e elementor-widget__width-initial elementor-widget elementor-widget-text-editor\" data-id=\"a88b89e\" data-element_type=\"widget\" data-widget_type=\"text-editor.default\">\n\t\t\t\t<div class=\"elementor-widget-container\">\n\t\t\t\t\t\t\t\t\t<h2 style=\"text-align: center;\">NOS VALEURS<\/h2>\n<div>Tout membre effectif ou aspirant membre effectif de Think Tank Isooko doit \u00eatre anim\u00e9&nbsp;<\/div><div>et guid\u00e9 par les principes et les valeurs ci-apr\u00e8s :<br><\/div>\t\t\t\t\t\t\t\t<\/div>\n\t\t\t\t<\/div>\n\t\t\t\t\t<\/div>\n\t\t\t\t<\/div>\n\t\t<div class=\"elementor-element elementor-element-d18c558 e-flex e-con-boxed e-con e-parent\" data-id=\"d18c558\" data-element_type=\"container\">\n\t\t\t\t\t<div class=\"e-con-inner\">\n\t\t<div class=\"elementor-element elementor-element-4bf6277 e-con-full e-flex e-con e-child\" data-id=\"4bf6277\" data-element_type=\"container\">\n\t\t\t\t<div class=\"elementor-element elementor-element-6f930bb elementor-widget elementor-widget-text-editor\" data-id=\"6f930bb\" data-element_type=\"widget\" data-widget_type=\"text-editor.default\">\n\t\t\t\t<div class=\"elementor-widget-container\">\n\t\t\t\t\t\t\t\t\t<ul><li>La dignit\u00e9 et solidarit\u00e9 humaine<\/li><li>L\u2019ind\u00e9pendance d\u2019esprit<\/li><li>L\u2019honn\u00eatet\u00e9<\/li><li>L\u2019esprit de tol\u00e9rance et le respect mutuel<\/li><li>Le respect de la diversit\u00e9<\/li><li>Le respect des principes d\u00e9mocratiques en g\u00e9n\u00e9ral et au sein de Think Tank Isooko en particulier<\/li><li>La cr\u00e9ation et le maintien d\u2019un climat serein afin de favoriser la r\u00e9alisation des activit\u00e9s et le bon fonctionnement des organes de TTI<\/li><\/ul>\t\t\t\t\t\t\t\t<\/div>\n\t\t\t\t<\/div>\n\t\t\t\t<\/div>\n\t\t<div class=\"elementor-element elementor-element-f9d44cc e-con-full e-flex e-con e-child\" data-id=\"f9d44cc\" data-element_type=\"container\">\n\t\t\t\t<div class=\"elementor-element elementor-element-6e2451f elementor-widget elementor-widget-text-editor\" data-id=\"6e2451f\" data-element_type=\"widget\" data-widget_type=\"text-editor.default\">\n\t\t\t\t<div class=\"elementor-widget-container\">\n\t\t\t\t\t\t\t\t\t<p>\u00a0<\/p><ul><li>L\u2019esprit de rassembleur<\/li><li>L\u2019int\u00e9grit\u00e9 morale<\/li><li>L\u2019objectivit\u00e9 intellectuelle<\/li><li>La neutralit\u00e9<\/li><li>La recherche de l\u2019int\u00e9r\u00eat g\u00e9n\u00e9ral<\/li><li>Avoir et d\u00e9montrer un sens \u00e9lev\u00e9 d\u2019engagement dans les activit\u00e9s de Think Tank Isooko<\/li><li>Avoir et d\u00e9montrer un niveau \u00e9lev\u00e9 de respect et de la d\u00e9fense des droits humains.<\/li><\/ul>\t\t\t\t\t\t\t\t<\/div>\n\t\t\t\t<\/div>\n\t\t\t\t<\/div>\n\t\t\t\t\t<\/div>\n\t\t\t\t<\/div>\n\t\t<div class=\"elementor-element elementor-element-140a59c e-flex e-con-boxed e-con e-parent\" data-id=\"140a59c\" data-element_type=\"container\">\n\t\t\t\t\t<div class=\"e-con-inner\">\n\t\t<div class=\"elementor-element elementor-element-cbf5cb3 e-con-full e-flex e-con e-child\" data-id=\"cbf5cb3\" data-element_type=\"container\">\n\t\t\t\t<div class=\"elementor-element elementor-element-b53a1b7 elementor-widget elementor-widget-image\" data-id=\"b53a1b7\" data-element_type=\"widget\" data-widget_type=\"image.default\">\n\t\t\t\t<div class=\"elementor-widget-container\">\n\t\t\t\t\t\t\t\t\t\t\t\t\t\t\t<img loading=\"lazy\" decoding=\"async\" width=\"598\" height=\"668\" src=\"https:\/\/thinktankisooko.org\/wp-content\/uploads\/2024\/06\/Image-3-Region-des-Grands-Lacs-dAfrique.gif\" class=\"attachment-large size-large wp-image-160\" alt=\"\" sizes=\"100vw\" \/>\t\t\t\t\t\t\t\t\t\t\t\t\t\t\t<\/div>\n\t\t\t\t<\/div>\n\t\t\t\t<\/div>\n\t\t<div class=\"elementor-element elementor-element-5872150 e-con-full e-flex e-con e-child\" data-id=\"5872150\" data-element_type=\"container\">\n\t\t\t\t<div class=\"elementor-element elementor-element-1b3ef41 elementor-widget elementor-widget-text-editor\" data-id=\"1b3ef41\" data-element_type=\"widget\" data-widget_type=\"text-editor.default\">\n\t\t\t\t<div class=\"elementor-widget-container\">\n\t\t\t\t\t\t\t\t\t<h2 style=\"text-align: center;\"><strong>NOS OBJECTIFS <\/strong><\/h2><p style=\"text-align: center;\">\u00a0 \u00a0 L\u2019Organisation Think Tank Isooko poursuit<\/p><p style=\"text-align: center;\">les objectifs suivants :<\/p><ul><li>Contribuer \u00e0 l\u2019\u00e9laboration des modes de gouvernance stables dans les pays de la r\u00e9gion des grands lacs d\u2019Afrique\u00a0;<\/li><li>Concourir \u00e0 la p\u00e9rennisation des institutions politiques mises en place\u00a0;<\/li><li>Participer activement \u00e0 l\u2019\u00e9ducation du public sur les dynamiques politiques nationaux, r\u00e9gionaux et internationaux\u00a0;<\/li><li>Renforcer l\u2019instauration d\u2019un \u00c9tat de droit garantissant la protection de tous et favorisant la cohabitation pacifique de toutes les composantes de la soci\u00e9t\u00e9\u00a0;<\/li><li>Int\u00e9grer les acteurs publics et priv\u00e9s \u00e0 adopter leurs propres strat\u00e9gies \u00e9conomiques nationales, sous r\u00e9gionales et internationales.<\/li><\/ul>\t\t\t\t\t\t\t\t<\/div>\n\t\t\t\t<\/div>\n\t\t\t\t<\/div>\n\t\t\t\t\t<\/div>\n\t\t\t\t<\/div>\n\t\t<div class=\"elementor-element elementor-element-e673f46 e-flex e-con-boxed e-con e-parent\" data-id=\"e673f46\" data-element_type=\"container\">\n\t\t\t\t\t<div class=\"e-con-inner\">\n\t\t<div class=\"elementor-element elementor-element-e07264d e-con-full e-flex e-con e-child\" data-id=\"e07264d\" data-element_type=\"container\">\n\t\t\t\t<div class=\"elementor-element elementor-element-a08cd26 elementor-widget elementor-widget-text-editor\" data-id=\"a08cd26\" data-element_type=\"widget\" data-widget_type=\"text-editor.default\">\n\t\t\t\t<div class=\"elementor-widget-container\">\n\t\t\t\t\t\t\t\t\t<h2 style=\"text-align: center;\">NOS ACTIVIT<strong>\u00c9<\/strong>S<\/h2><p>Afin de r\u00e9aliser la mission que les membres de Think Tank Isooko se sont fix\u00e9e, l\u2019Organisation se propose de d\u00e9ployer les activit\u00e9s qui peuvent prendre diff\u00e9rentes formes. Il s\u2019agit entre autres de :<\/p><ul><li>Cr\u00e9er un cadre non partisan favorisant l\u2019\u00e9change entre experts et d\u00e9cideurs priv\u00e9s et publics ;<\/li><li>Concevoir et animer les conf\u00e9rences internationales<\/li><li>Analyser objectivement, dans une d\u00e9marche proactive les politiques publiques de mieux vivre ensemble dans pays de la r\u00e9gion des grands lacs d\u2019Afrique\u00a0;<\/li><\/ul>\t\t\t\t\t\t\t\t<\/div>\n\t\t\t\t<\/div>\n\t\t\t\t<\/div>\n\t\t<div class=\"elementor-element elementor-element-cf4c419 e-con-full e-flex e-con e-child\" data-id=\"cf4c419\" data-element_type=\"container\">\n\t\t\t\t<div class=\"elementor-element elementor-element-817ebba elementor-widget elementor-widget-image\" data-id=\"817ebba\" data-element_type=\"widget\" data-widget_type=\"image.default\">\n\t\t\t\t<div class=\"elementor-widget-container\">\n\t\t\t\t\t\t\t\t\t\t\t\t\t\t\t<img loading=\"lazy\" decoding=\"async\" width=\"504\" height=\"360\" src=\"https:\/\/thinktankisooko.org\/wp-content\/uploads\/2024\/06\/Image-Region-des-Grands-Lacs-dAfrique.png\" class=\"attachment-medium_large size-medium_large wp-image-162\" alt=\"\" srcset=\"https:\/\/thinktankisooko.org\/wp-content\/uploads\/2024\/06\/Image-Region-des-Grands-Lacs-dAfrique.png 504w, https:\/\/thinktankisooko.org\/wp-content\/uploads\/2024\/06\/Image-Region-des-Grands-Lacs-dAfrique-300x214.png 300w\" sizes=\"100vw\" \/>\t\t\t\t\t\t\t\t\t\t\t\t\t\t\t<\/div>\n\t\t\t\t<\/div>\n\t\t\t\t<\/div>\n\t\t\t\t\t<\/div>\n\t\t\t\t<\/div>\n\t\t<div class=\"elementor-element elementor-element-47cb40a e-flex e-con-boxed e-con e-parent\" data-id=\"47cb40a\" data-element_type=\"container\">\n\t\t\t\t\t<div class=\"e-con-inner\">\n\t\t<div class=\"elementor-element elementor-element-456b5c2 e-con-full e-flex e-con e-child\" data-id=\"456b5c2\" data-element_type=\"container\">\n\t\t\t\t<div class=\"elementor-element elementor-element-00d5e88 elementor-widget elementor-widget-text-editor\" data-id=\"00d5e88\" data-element_type=\"widget\" data-widget_type=\"text-editor.default\">\n\t\t\t\t<div class=\"elementor-widget-container\">\n\t\t\t\t\t\t\t\t\t<ul><li>Mettre en place des protocoles et proc\u00e9dures d&rsquo;\u00e9valuation des politiques publiques associant validations internes et externes garantissant le haut niveau de recherches et publications\u00a0;<\/li><li>\u00c9laborer les mod\u00e8les des politiques de bon voisinage des pays de la r\u00e9gion des grands lacs d\u2019Afrique\u00a0;<\/li><li>Organiser des rencontres avec les d\u00e9cideurs gouvernementaux, des institutions publiques, priv\u00e9es locales et internationales\u00a0;<\/li><li>Pr\u00e9voir les grandes tendances de la politique internationale et de l\u2019\u00e9conomie mondiale afin d\u2019\u00e9clairer les d\u00e9cisions politiques et \u00e9conomiques des gouvernements de la r\u00e9gion des grands lacs d\u2019Afrique.<\/li><\/ul>\t\t\t\t\t\t\t\t<\/div>\n\t\t\t\t<\/div>\n\t\t\t\t<\/div>\n\t\t<div class=\"elementor-element elementor-element-72ad28e e-con-full e-flex e-con e-child\" data-id=\"72ad28e\" data-element_type=\"container\">\n\t\t\t\t<div class=\"elementor-element elementor-element-607cbfc elementor-widget elementor-widget-image\" data-id=\"607cbfc\" data-element_type=\"widget\" data-widget_type=\"image.default\">\n\t\t\t\t<div class=\"elementor-widget-container\">\n\t\t\t\t\t\t\t\t\t\t\t\t\t\t\t<img loading=\"lazy\" decoding=\"async\" width=\"613\" height=\"418\" src=\"https:\/\/thinktankisooko.org\/wp-content\/uploads\/2024\/06\/Travail-dequipe-jeunes-noirs-au-bureau.jpg\" class=\"attachment-medium_large size-medium_large wp-image-184\" alt=\"\" srcset=\"https:\/\/thinktankisooko.org\/wp-content\/uploads\/2024\/06\/Travail-dequipe-jeunes-noirs-au-bureau.jpg 613w, https:\/\/thinktankisooko.org\/wp-content\/uploads\/2024\/06\/Travail-dequipe-jeunes-noirs-au-bureau-300x205.jpg 300w, https:\/\/thinktankisooko.org\/wp-content\/uploads\/2024\/06\/Travail-dequipe-jeunes-noirs-au-bureau-600x409.jpg 600w\" sizes=\"100vw\" \/>\t\t\t\t\t\t\t\t\t\t\t\t\t\t\t<\/div>\n\t\t\t\t<\/div>\n\t\t\t\t<\/div>\n\t\t\t\t\t<\/div>\n\t\t\t\t<\/div>\n\t\t<div class=\"elementor-element elementor-element-8e41f76 e-flex e-con-boxed e-con e-parent\" data-id=\"8e41f76\" data-element_type=\"container\">\n\t\t\t\t\t<div class=\"e-con-inner\">\n\t\t\t\t\t<\/div>\n\t\t\t\t<\/div>\n\t\t\t\t<\/div>\n\t\t","protected":false},"excerpt":{"rendered":"<p>THINK TANK ISOOKO Think Tank Isooko pour une r\u00e9gion des grands lacs d\u2019Afrique paisible, s\u00e9curitaire et prosp\u00e8re. Think Tank Isooko est un groupe d\u2019\u00e9tudes strat\u00e9giques, de r\u00e9flexion, de recommandation et de sensibilisation. C\u2019est une organisation internationale neutre et ind\u00e9pendante, de soutien \u00e0 la paix et \u00e0 la s\u00e9curit\u00e9 dans la r\u00e9gion des grands lacs d\u2019Afrique. &hellip; <\/p>\n<p class=\"link-more\"><a href=\"https:\/\/thinktankisooko.org\/fr\/\" class=\"more-link\">Lire la suite de<span class=\"screen-reader-text\">\u00ab\u00a0Accueil\u00a0\u00bb<\/span><\/a><\/p>\n","protected":false},"author":1,"featured_media":170,"parent":0,"menu_order":0,"comment_status":"closed","ping_status":"closed","template":"","meta":{"_crdt_document":"","jetpack_post_was_ever_published":true,"footnotes":""},"class_list":["post-1394","page","type-page","status-publish","has-post-thumbnail","hentry"],"jetpack-related-posts":[],"jetpack_sharing_enabled":true,"featured_media_urls":{"thumbnail":["https:\/\/thinktankisooko.org\/wp-content\/uploads\/2024\/06\/Think-Tank-image-1-150x150.jpg",150,150,true],"medium":["https:\/\/thinktankisooko.org\/wp-content\/uploads\/2024\/06\/Think-Tank-image-1-300x150.jpg",300,150,true],"medium_large":["https:\/\/thinktankisooko.org\/wp-content\/uploads\/2024\/06\/Think-Tank-image-1.jpg",768,384,false],"large":["https:\/\/thinktankisooko.org\/wp-content\/uploads\/2024\/06\/Think-Tank-image-1.jpg",950,475,false],"1536x1536":["https:\/\/thinktankisooko.org\/wp-content\/uploads\/2024\/06\/Think-Tank-image-1.jpg",1000,500,false],"2048x2048":["https:\/\/thinktankisooko.org\/wp-content\/uploads\/2024\/06\/Think-Tank-image-1.jpg",1000,500,false],"inspiro-featured-image":["https:\/\/thinktankisooko.org\/wp-content\/uploads\/2024\/06\/Think-Tank-image-1.jpg",1000,500,false],"inspiro-loop":["https:\/\/thinktankisooko.org\/wp-content\/uploads\/2024\/06\/Think-Tank-image-1-950x320.jpg",950,320,true],"inspiro-loop@2x":["https:\/\/thinktankisooko.org\/wp-content\/uploads\/2024\/06\/Think-Tank-image-1.jpg",1000,500,false],"woocommerce_thumbnail":["https:\/\/thinktankisooko.org\/wp-content\/uploads\/2024\/06\/Think-Tank-image-1-300x300.jpg",300,300,true],"woocommerce_single":["https:\/\/thinktankisooko.org\/wp-content\/uploads\/2024\/06\/Think-Tank-image-1-600x300.jpg",600,300,true],"woocommerce_gallery_thumbnail":["https:\/\/thinktankisooko.org\/wp-content\/uploads\/2024\/06\/Think-Tank-image-1-100x100.jpg",100,100,true],"portfolio_item-thumbnail":["https:\/\/thinktankisooko.org\/wp-content\/uploads\/2024\/06\/Think-Tank-image-1-600x400.jpg",600,400,true],"portfolio_item-thumbnail@2x":["https:\/\/thinktankisooko.org\/wp-content\/uploads\/2024\/06\/Think-Tank-image-1.jpg",1000,500,false],"portfolio_item-masonry":["https:\/\/thinktankisooko.org\/wp-content\/uploads\/2024\/06\/Think-Tank-image-1-600x300.jpg",600,300,true],"portfolio_item-masonry@2x":["https:\/\/thinktankisooko.org\/wp-content\/uploads\/2024\/06\/Think-Tank-image-1.jpg",1000,500,false],"portfolio_item-thumbnail_cinema":["https:\/\/thinktankisooko.org\/wp-content\/uploads\/2024\/06\/Think-Tank-image-1-800x335.jpg",800,335,true],"portfolio_item-thumbnail_portrait":["https:\/\/thinktankisooko.org\/wp-content\/uploads\/2024\/06\/Think-Tank-image-1-600x500.jpg",600,500,true],"portfolio_item-thumbnail_portrait@2x":["https:\/\/thinktankisooko.org\/wp-content\/uploads\/2024\/06\/Think-Tank-image-1.jpg",1000,500,false],"portfolio_item-thumbnail_square":["https:\/\/thinktankisooko.org\/wp-content\/uploads\/2024\/06\/Think-Tank-image-1-800x500.jpg",800,500,true]},"_links":{"self":[{"href":"https:\/\/thinktankisooko.org\/fr\/wp-json\/wp\/v2\/pages\/1394","targetHints":{"allow":["GET"]}}],"collection":[{"href":"https:\/\/thinktankisooko.org\/fr\/wp-json\/wp\/v2\/pages"}],"about":[{"href":"https:\/\/thinktankisooko.org\/fr\/wp-json\/wp\/v2\/types\/page"}],"author":[{"embeddable":true,"href":"https:\/\/thinktankisooko.org\/fr\/wp-json\/wp\/v2\/users\/1"}],"replies":[{"embeddable":true,"href":"https:\/\/thinktankisooko.org\/fr\/wp-json\/wp\/v2\/comments?post=1394"}],"version-history":[{"count":100,"href":"https:\/\/thinktankisooko.org\/fr\/wp-json\/wp\/v2\/pages\/1394\/revisions"}],"predecessor-version":[{"id":2250,"href":"https:\/\/thinktankisooko.org\/fr\/wp-json\/wp\/v2\/pages\/1394\/revisions\/2250"}],"wp:featuredmedia":[{"embeddable":true,"href":"https:\/\/thinktankisooko.org\/fr\/wp-json\/wp\/v2\/media\/170"}],"wp:attachment":[{"href":"https:\/\/thinktankisooko.org\/fr\/wp-json\/wp\/v2\/media?parent=1394"}],"curies":[{"name":"wp","href":"https:\/\/api.w.org\/{rel}","templated":true}]}}