{"id":2245,"date":"2024-06-07T06:34:40","date_gmt":"2024-06-07T06:34:40","guid":{"rendered":"https:\/\/thinktankisooko.org\/presentation\/"},"modified":"2025-01-26T10:12:26","modified_gmt":"2025-01-26T10:12:26","slug":"presentation","status":"publish","type":"page","link":"https:\/\/thinktankisooko.org\/en\/presentation\/","title":{"rendered":"Presentation"},"content":{"rendered":"\t\t<div data-elementor-type=\"wp-page\" data-elementor-id=\"2245\" class=\"elementor elementor-2245 elementor-247\" data-elementor-post-type=\"page\">\n\t\t\t\t<div class=\"elementor-element elementor-element-41ab622 e-flex e-con-boxed e-con e-parent\" data-id=\"41ab622\" data-element_type=\"container\">\n\t\t\t\t\t<div class=\"e-con-inner\">\n\t\t\t\t<div class=\"elementor-element elementor-element-77f87ab elementor-widget elementor-widget-text-editor\" data-id=\"77f87ab\" data-element_type=\"widget\" data-widget_type=\"text-editor.default\">\n\t\t\t\t<div class=\"elementor-widget-container\">\n\t\t\t\t\t\t\t\t\t<p><strong>Think Tank Isooko is a strategic study, reflection, recommendation and awareness group.<\/strong><\/p>\n<p><strong>It is an organization supporting peace and security in the Great Lakes region of Africa.<\/strong><\/p>\n\t\t\t\t\t\t\t\t<\/div>\n\t\t\t\t<\/div>\n\t\t\t\t\t<\/div>\n\t\t\t\t<\/div>\n\t\t<div class=\"elementor-element elementor-element-6f1e833 e-flex e-con-boxed e-con e-parent\" data-id=\"6f1e833\" data-element_type=\"container\">\n\t\t\t\t\t<div class=\"e-con-inner\">\n\t\t\t\t<div class=\"elementor-element elementor-element-c0debfe elementor-widget elementor-widget-text-editor\" data-id=\"c0debfe\" data-element_type=\"widget\" data-widget_type=\"text-editor.default\">\n\t\t\t\t<div class=\"elementor-widget-container\">\n\t\t\t\t\t\t\t\t\t<p><span style=\"font-size: 12pt;\">Pour en savoir plus, t\u00e9l\u00e9charger la pr\u00e9sentation de TTI par le lien ci-dessous<\/span><\/p>\n\t\t\t\t\t\t\t\t<\/div>\n\t\t\t\t<\/div>\n\t\t\t\t\t<\/div>\n\t\t\t\t<\/div>\n\t\t<div class=\"elementor-element elementor-element-914f07f e-flex e-con-boxed e-con e-parent\" data-id=\"914f07f\" data-element_type=\"container\">\n\t\t\t\t\t<div class=\"e-con-inner\">\n\t\t\t\t<div class=\"elementor-element elementor-element-df3629c elementor-widget elementor-widget-heading\" data-id=\"df3629c\" data-element_type=\"widget\" data-widget_type=\"heading.default\">\n\t\t\t\t<div class=\"elementor-widget-container\">\n\t\t\t\t\t<h2 class=\"elementor-heading-title elementor-size-default\"><a href=\"https:\/\/thinktankisooko.org\/wp-content\/uploads\/2025\/01\/ENG-PRESENTATION-THINK-TANK-ISOOKO.pdf\" target=\"_blank\">Download the TTI presentation<\/a><\/h2>\t\t\t\t<\/div>\n\t\t\t\t<\/div>\n\t\t\t\t\t<\/div>\n\t\t\t\t<\/div>\n\t\t\t\t<\/div>\n\t\t","protected":false},"excerpt":{"rendered":"<p>Think Tank Isooko is a strategic study, reflection, recommendation and awareness group. It is an organization supporting peace and security in the Great Lakes region of Africa. Pour en savoir plus, t\u00e9l\u00e9charger la pr\u00e9sentation de TTI par le lien ci-dessous Download the TTI presentation<\/p>\n","protected":false},"author":1,"featured_media":2432,"parent":0,"menu_order":0,"comment_status":"closed","ping_status":"closed","template":"","meta":{"_crdt_document":"","jetpack_post_was_ever_published":false,"footnotes":""},"class_list":["post-2245","page","type-page","status-publish","has-post-thumbnail","hentry"],"jetpack-related-posts":[],"jetpack_sharing_enabled":true,"featured_media_urls":{"thumbnail":["https:\/\/thinktankisooko.org\/wp-content\/uploads\/2024\/06\/tti-image-foret-StockSnap_89BQZ89TLH-1-150x150.jpg",150,150,true],"medium":["https:\/\/thinktankisooko.org\/wp-content\/uploads\/2024\/06\/tti-image-foret-StockSnap_89BQZ89TLH-1-300x225.jpg",300,225,true],"medium_large":["https:\/\/thinktankisooko.org\/wp-content\/uploads\/2024\/06\/tti-image-foret-StockSnap_89BQZ89TLH-1.jpg",768,576,false],"large":["https:\/\/thinktankisooko.org\/wp-content\/uploads\/2024\/06\/tti-image-foret-StockSnap_89BQZ89TLH-1-1024x768.jpg",950,713,true],"1536x1536":["https:\/\/thinktankisooko.org\/wp-content\/uploads\/2024\/06\/tti-image-foret-StockSnap_89BQZ89TLH-1-1536x1152.jpg",1536,1152,true],"2048x2048":["https:\/\/thinktankisooko.org\/wp-content\/uploads\/2024\/06\/tti-image-foret-StockSnap_89BQZ89TLH-1.jpg",1800,1350,false],"inspiro-featured-image":["https:\/\/thinktankisooko.org\/wp-content\/uploads\/2024\/06\/tti-image-foret-StockSnap_89BQZ89TLH-1.jpg",1800,1350,false],"inspiro-loop":["https:\/\/thinktankisooko.org\/wp-content\/uploads\/2024\/06\/tti-image-foret-StockSnap_89BQZ89TLH-1-950x320.jpg",950,320,true],"inspiro-loop@2x":["https:\/\/thinktankisooko.org\/wp-content\/uploads\/2024\/06\/tti-image-foret-StockSnap_89BQZ89TLH-1-1800x640.jpg",1800,640,true],"woocommerce_thumbnail":["https:\/\/thinktankisooko.org\/wp-content\/uploads\/2024\/06\/tti-image-foret-StockSnap_89BQZ89TLH-1-300x300.jpg",300,300,true],"woocommerce_single":["https:\/\/thinktankisooko.org\/wp-content\/uploads\/2024\/06\/tti-image-foret-StockSnap_89BQZ89TLH-1-600x450.jpg",600,450,true],"woocommerce_gallery_thumbnail":["https:\/\/thinktankisooko.org\/wp-content\/uploads\/2024\/06\/tti-image-foret-StockSnap_89BQZ89TLH-1-100x100.jpg",100,100,true],"portfolio_item-thumbnail":["https:\/\/thinktankisooko.org\/wp-content\/uploads\/2024\/06\/tti-image-foret-StockSnap_89BQZ89TLH-1-600x400.jpg",600,400,true],"portfolio_item-thumbnail@2x":["https:\/\/thinktankisooko.org\/wp-content\/uploads\/2024\/06\/tti-image-foret-StockSnap_89BQZ89TLH-1-1200x800.jpg",1200,800,true],"portfolio_item-masonry":["https:\/\/thinktankisooko.org\/wp-content\/uploads\/2024\/06\/tti-image-foret-StockSnap_89BQZ89TLH-1-600x450.jpg",600,450,true],"portfolio_item-masonry@2x":["https:\/\/thinktankisooko.org\/wp-content\/uploads\/2024\/06\/tti-image-foret-StockSnap_89BQZ89TLH-1-1200x900.jpg",1200,900,true],"portfolio_item-thumbnail_cinema":["https:\/\/thinktankisooko.org\/wp-content\/uploads\/2024\/06\/tti-image-foret-StockSnap_89BQZ89TLH-1-800x335.jpg",800,335,true],"portfolio_item-thumbnail_portrait":["https:\/\/thinktankisooko.org\/wp-content\/uploads\/2024\/06\/tti-image-foret-StockSnap_89BQZ89TLH-1-600x900.jpg",600,900,true],"portfolio_item-thumbnail_portrait@2x":["https:\/\/thinktankisooko.org\/wp-content\/uploads\/2024\/06\/tti-image-foret-StockSnap_89BQZ89TLH-1-1200x1350.jpg",1200,1350,true],"portfolio_item-thumbnail_square":["https:\/\/thinktankisooko.org\/wp-content\/uploads\/2024\/06\/tti-image-foret-StockSnap_89BQZ89TLH-1-800x800.jpg",800,800,true]},"_links":{"self":[{"href":"https:\/\/thinktankisooko.org\/en\/wp-json\/wp\/v2\/pages\/2245","targetHints":{"allow":["GET"]}}],"collection":[{"href":"https:\/\/thinktankisooko.org\/en\/wp-json\/wp\/v2\/pages"}],"about":[{"href":"https:\/\/thinktankisooko.org\/en\/wp-json\/wp\/v2\/types\/page"}],"author":[{"embeddable":true,"href":"https:\/\/thinktankisooko.org\/en\/wp-json\/wp\/v2\/users\/1"}],"replies":[{"embeddable":true,"href":"https:\/\/thinktankisooko.org\/en\/wp-json\/wp\/v2\/comments?post=2245"}],"version-history":[{"count":9,"href":"https:\/\/thinktankisooko.org\/en\/wp-json\/wp\/v2\/pages\/2245\/revisions"}],"predecessor-version":[{"id":5942,"href":"https:\/\/thinktankisooko.org\/en\/wp-json\/wp\/v2\/pages\/2245\/revisions\/5942"}],"wp:featuredmedia":[{"embeddable":true,"href":"https:\/\/thinktankisooko.org\/en\/wp-json\/wp\/v2\/media\/2432"}],"wp:attachment":[{"href":"https:\/\/thinktankisooko.org\/en\/wp-json\/wp\/v2\/media?parent=2245"}],"curies":[{"name":"wp","href":"https:\/\/api.w.org\/{rel}","templated":true}]}}